{"id":1116,"date":"2025-08-05T17:42:01","date_gmt":"2025-08-05T17:42:01","guid":{"rendered":"http:\/\/vivirlasalud.com\/about\/"},"modified":"2025-09-25T16:15:40","modified_gmt":"2025-09-25T16:15:40","slug":"quienes-somos","status":"publish","type":"page","link":"https:\/\/vivirlasalud.com\/en\/quienes-somos\/","title":{"rendered":"Who we are"},"content":{"rendered":"<div class=\"wp-block-uagb-container uagb-block-ec57ae33 alignfull uagb-is-root-container\">\n<div class=\"wp-block-columns is-layout-flex wp-container-core-columns-is-layout-28f84493 wp-block-columns-is-layout-flex\">\n<div class=\"wp-block-column is-layout-flow wp-block-column-is-layout-flow\" style=\"flex-basis:100%\">\n<div class=\"wp-block-columns is-layout-flex wp-container-core-columns-is-layout-28f84493 wp-block-columns-is-layout-flex\">\n<div class=\"wp-block-column is-layout-flow wp-block-column-is-layout-flow\" style=\"flex-basis:33.34%\"><\/div>\n\n\n\n<div class=\"wp-block-column is-layout-flow wp-block-column-is-layout-flow\" style=\"flex-basis:40%\">\n<div class=\"wp-block-uagb-info-box uagb-block-4a165757 uagb-infobox__content-wrap  uagb-infobox-icon-above-title uagb-infobox-image-valign-top wp-block-uagb-info-box--has-margin\"><div class=\"uagb-infobox-margin-wrapper\"><div class=\"uagb-ifb-content\"><div class=\"uagb-ifb-title-wrap\"><h1 class=\"uagb-ifb-title\">Who we are<\/h1><\/div><p class=\"uagb-ifb-desc\">At <strong>Vivir La Salud<\/strong>, by <strong>Vaesa Group LLC<\/strong>, creemos que el verdadero bienestar comienza con decisiones naturales. Somos una plataforma online dedicada a ofrecer suplementos naturales de alta calidad, respaldados por la ciencia y cuidadosamente seleccionados para apoyar tu salud f\u00edsica, emocional y mental.<br><br>Nuestro prop\u00f3sito es acercarte soluciones confiables y efectivas que contribuyan a un estilo de vida m\u00e1s saludable y equilibrado. A trav\u00e9s de <strong>Vivir La Salud<\/strong> ponemos a tu alcance productos que reflejan el compromiso de <strong>Vaesa Group LLC<\/strong> con la innovaci\u00f3n, la transparencia y el cuidado integral de las personas.<\/p><div class=\"uagb-ifb-separator\"><\/div><\/div><\/div><\/div>\n<\/div>\n\n\n\n<div class=\"wp-block-column is-layout-flow wp-block-column-is-layout-flow\" style=\"flex-basis:33.33%\"><\/div>\n<\/div>\n<\/div>\n<\/div>\n<\/div>\n\n\n\n<div class=\"wp-block-uagb-container uagb-block-03926366 alignfull uagb-is-root-container\"><div class=\"uagb-container-inner-blocks-wrap\">\n<div class=\"wp-block-uagb-container uagb-block-d3634444\">\n<div class=\"wp-block-uagb-image alignleft uagb-block-bbccf630 wp-block-uagb-image--layout-default wp-block-uagb-image--effect-static wp-block-uagb-image--align-left\"><figure class=\"wp-block-uagb-image__figure\"><img decoding=\"async\" srcset=\"https:\/\/vivirlasalud.com\/wp-content\/uploads\/2025\/08\/About_2.png ,https:\/\/vivirlasalud.com\/wp-content\/uploads\/2025\/08\/About_2.png 780w, https:\/\/vivirlasalud.com\/wp-content\/uploads\/2025\/08\/About_2.png 360w\" sizes=\"auto, (max-width: 480px) 150px\" src=\"https:\/\/vivirlasalud.com\/wp-content\/uploads\/2025\/08\/About_2.png\" alt=\"About-US-2-VivirLaVida\" class=\"uag-image-2555\" width=\"558\" height=\"540\" title=\"\" loading=\"lazy\" role=\"img\"\/><\/figure><\/div>\n<\/div>\n\n\n\n<div class=\"wp-block-uagb-container uagb-block-4596b95e\">\n<div class=\"wp-block-uagb-advanced-heading uagb-block-755d0607\"><h6 class=\"uagb-heading-text\">Natural wellness for a healthier life<\/h6><\/div>\n\n\n\n<div class=\"wp-block-uagb-info-box uagb-block-02d384db uagb-infobox__content-wrap  uagb-infobox-icon-above-title uagb-infobox-image-valign-top\"><div class=\"uagb-ifb-content\"><div class=\"uagb-ifb-icon-wrap\"><svg xmlns=\"https:\/\/www.w3.org\/2000\/svg\" viewbox=\"0 0 448 512\"><path d=\"M96 224C84.72 224 74.05 226.3 64 229.9V224c0-35.3 28.7-64 64-64c17.67 0 32-14.33 32-32S145.7 96 128 96C57.42 96 0 153.4 0 224v96c0 53.02 42.98 96 96 96s96-42.98 96-96S149 224 96 224zM352 224c-11.28 0-21.95 2.305-32 5.879V224c0-35.3 28.7-64 64-64c17.67 0 32-14.33 32-32s-14.33-32-32-32c-70.58 0-128 57.42-128 128v96c0 53.02 42.98 96 96 96s96-42.98 96-96S405 224 352 224z\"><\/path><\/svg><\/div><div class=\"uagb-ifb-title-wrap\"><span class=\"uagb-ifb-title-prefix\">Our goal is to help you lead a healthier, more balanced and conscious life, providing you with natural solutions that really work. We reach all <strong>United States and Puerto Rico<\/strong>with a safe, convenient and reliable shopping experience.<\/span><p class=\"uagb-ifb-title\">Living health<\/p><\/div><div class=\"uagb-ifb-separator\"><\/div><\/div><\/div>\n<\/div>\n<\/div><\/div>\n\n\n\n<div class=\"wp-block-uagb-container uagb-block-6b968533 alignfull uagb-is-root-container\">\n<div class=\"wp-block-uagb-container uagb-layout-flex uagb-block-d007fec1 alignfull uagb-is-root-container\"><div class=\"uagb-container-inner-blocks-wrap\">\n<div class=\"wp-block-uagb-container uagb-block-815c24b6\">\n<div class=\"wp-block-uagb-advanced-heading uagb-block-7bbb1e16\"><h5 class=\"uagb-heading-text\">Our History<\/h5><\/div>\n<\/div>\n\n\n\n<div class=\"wp-block-uagb-container uagb-block-decbf510\">\n<div class=\"wp-block-uagb-advanced-heading uagb-block-62025aa0\"><div class=\"uagb-heading-text\">A path towards the natural, a decision for your well-being<\/div><p class=\"uagb-desc-text\">Vivir La Salud was born with a clear idea: to make accessible what really matters. In a world where artificial solutions and fast-paced lifestyles abound, we decided to go back to basics. We believed and continue to believe that nature has the power to heal, balance and strengthen.<br><br>From day one, our purpose has been to help you live better, healthier and more consciously. We select natural products that really add value, promoting the care of body and mind from the respect, science and simplicity.<br><br>We are not a fad, we are an invitation to transform your well-being from the inside out. Because taking care of you is an act of love. And doing it with the natural, is our way of accompanying you.<br><br><strong>This is our story. But it can also be the beginning of yours.<\/strong><\/p><\/div>\n\n\n\n<p><\/p>\n<\/div>\n<\/div><\/div>\n<\/div>","protected":false},"excerpt":{"rendered":"<p>Bienestar natural para una vida m\u00e1s saludable Nuestra Historia Un camino hacia lo natural, una decisi\u00f3n por tu bienestar Vivir [&hellip;]<\/p>","protected":false},"author":1,"featured_media":0,"parent":0,"menu_order":0,"comment_status":"closed","ping_status":"closed","template":"","meta":{"_uag_custom_page_level_css":"","site-sidebar-layout":"no-sidebar","site-content-layout":"page-builder","ast-site-content-layout":"full-width-container","site-content-style":"unboxed","site-sidebar-style":"unboxed","ast-global-header-display":"","ast-banner-title-visibility":"","ast-main-header-display":"","ast-hfb-above-header-display":"","ast-hfb-below-header-display":"","ast-hfb-mobile-header-display":"","site-post-title":"disabled","ast-breadcrumbs-content":"disabled","ast-featured-img":"disabled","footer-sml-layout":"","theme-transparent-header-meta":"enabled","adv-header-id-meta":"","stick-header-meta":"","header-above-stick-meta":"","header-main-stick-meta":"","header-below-stick-meta":"","astra-migrate-meta-layouts":"set","ast-page-background-enabled":"default","ast-page-background-meta":{"desktop":{"background-color":"var(--ast-global-color-4)","background-image":"","background-repeat":"repeat","background-position":"center center","background-size":"auto","background-attachment":"scroll","background-type":"","background-media":"","overlay-type":"","overlay-color":"","overlay-opacity":"","overlay-gradient":""},"tablet":{"background-color":"","background-image":"","background-repeat":"repeat","background-position":"center center","background-size":"auto","background-attachment":"scroll","background-type":"","background-media":"","overlay-type":"","overlay-color":"","overlay-opacity":"","overlay-gradient":""},"mobile":{"background-color":"","background-image":"","background-repeat":"repeat","background-position":"center center","background-size":"auto","background-attachment":"scroll","background-type":"","background-media":"","overlay-type":"","overlay-color":"","overlay-opacity":"","overlay-gradient":""}},"ast-content-background-meta":{"desktop":{"background-color":"var(--ast-global-color-5)","background-image":"","background-repeat":"repeat","background-position":"center center","background-size":"auto","background-attachment":"scroll","background-type":"","background-media":"","overlay-type":"","overlay-color":"","overlay-opacity":"","overlay-gradient":""},"tablet":{"background-color":"var(--ast-global-color-5)","background-image":"","background-repeat":"repeat","background-position":"center center","background-size":"auto","background-attachment":"scroll","background-type":"","background-media":"","overlay-type":"","overlay-color":"","overlay-opacity":"","overlay-gradient":""},"mobile":{"background-color":"var(--ast-global-color-5)","background-image":"","background-repeat":"repeat","background-position":"center center","background-size":"auto","background-attachment":"scroll","background-type":"","background-media":"","overlay-type":"","overlay-color":"","overlay-opacity":"","overlay-gradient":""}},"footnotes":""},"class_list":["post-1116","page","type-page","status-publish","hentry"],"yoast_head":"<!-- This site is optimized with the Yoast SEO plugin v27.3 - https:\/\/yoast.com\/product\/yoast-seo-wordpress\/ -->\n<title>Qui\u00e9nes Somos - Vivir La Salud<\/title>\n<meta name=\"description\" content=\"Vivir La Salud: tienda online de productos naturales y suplementos de alta calidad. Bienestar, energ\u00eda y vitalidad al alcance de un clic.\" \/>\n<meta name=\"robots\" content=\"index, follow, max-snippet:-1, max-image-preview:large, max-video-preview:-1\" \/>\n<link rel=\"canonical\" href=\"https:\/\/vivirlasalud.com\/en\/quienes-somos\/\" \/>\n<meta property=\"og:locale\" content=\"en_US\" \/>\n<meta property=\"og:type\" content=\"article\" \/>\n<meta property=\"og:title\" content=\"Qui\u00e9nes Somos - Vivir La Salud\" \/>\n<meta property=\"og:description\" content=\"Vivir La Salud: tienda online de productos naturales y suplementos de alta calidad. Bienestar, energ\u00eda y vitalidad al alcance de un clic.\" \/>\n<meta property=\"og:url\" content=\"https:\/\/vivirlasalud.com\/en\/quienes-somos\/\" \/>\n<meta property=\"og:site_name\" content=\"Vivir La Salud\" \/>\n<meta property=\"article:publisher\" content=\"https:\/\/www.facebook.com\/vivirlasalud.paginaoficial\" \/>\n<meta property=\"article:modified_time\" content=\"2025-09-25T16:15:40+00:00\" \/>\n<meta property=\"og:image\" content=\"http:\/\/vivirlasalud.com\/wp-content\/uploads\/2025\/08\/About_2.png\" \/>\n<meta name=\"twitter:card\" content=\"summary_large_image\" \/>\n<meta name=\"twitter:label1\" content=\"Est. reading time\" \/>\n\t<meta name=\"twitter:data1\" content=\"2 minutes\" \/>\n<script type=\"application\/ld+json\" class=\"yoast-schema-graph\">{\"@context\":\"https:\\\/\\\/schema.org\",\"@graph\":[{\"@type\":\"WebPage\",\"@id\":\"https:\\\/\\\/vivirlasalud.com\\\/quienes-somos\\\/\",\"url\":\"https:\\\/\\\/vivirlasalud.com\\\/quienes-somos\\\/\",\"name\":\"Qui\u00e9nes Somos - Vivir La Salud\",\"isPartOf\":{\"@id\":\"https:\\\/\\\/vivirlasalud.com\\\/#website\"},\"primaryImageOfPage\":{\"@id\":\"https:\\\/\\\/vivirlasalud.com\\\/quienes-somos\\\/#primaryimage\"},\"image\":{\"@id\":\"https:\\\/\\\/vivirlasalud.com\\\/quienes-somos\\\/#primaryimage\"},\"thumbnailUrl\":\"http:\\\/\\\/vivirlasalud.com\\\/wp-content\\\/uploads\\\/2025\\\/08\\\/About_2.png\",\"datePublished\":\"2025-08-05T17:42:01+00:00\",\"dateModified\":\"2025-09-25T16:15:40+00:00\",\"description\":\"Vivir La Salud: tienda online de productos naturales y suplementos de alta calidad. Bienestar, energ\u00eda y vitalidad al alcance de un clic.\",\"breadcrumb\":{\"@id\":\"https:\\\/\\\/vivirlasalud.com\\\/quienes-somos\\\/#breadcrumb\"},\"inLanguage\":\"en-US\",\"potentialAction\":[{\"@type\":\"ReadAction\",\"target\":[\"https:\\\/\\\/vivirlasalud.com\\\/quienes-somos\\\/\"]}]},{\"@type\":\"ImageObject\",\"inLanguage\":\"en-US\",\"@id\":\"https:\\\/\\\/vivirlasalud.com\\\/quienes-somos\\\/#primaryimage\",\"url\":\"http:\\\/\\\/vivirlasalud.com\\\/wp-content\\\/uploads\\\/2025\\\/08\\\/About_2.png\",\"contentUrl\":\"http:\\\/\\\/vivirlasalud.com\\\/wp-content\\\/uploads\\\/2025\\\/08\\\/About_2.png\"},{\"@type\":\"BreadcrumbList\",\"@id\":\"https:\\\/\\\/vivirlasalud.com\\\/quienes-somos\\\/#breadcrumb\",\"itemListElement\":[{\"@type\":\"ListItem\",\"position\":1,\"name\":\"Home\",\"item\":\"https:\\\/\\\/vivirlasalud.com\\\/\"},{\"@type\":\"ListItem\",\"position\":2,\"name\":\"Qui\u00e9nes Somos\"}]},{\"@type\":\"WebSite\",\"@id\":\"https:\\\/\\\/vivirlasalud.com\\\/#website\",\"url\":\"https:\\\/\\\/vivirlasalud.com\\\/\",\"name\":\"Vivir La Salud\",\"description\":\"Productos naturales para la salud y el bienestar. Tratamientos efectivos para apoyar tu energ\u00eda, vitalidad y calidad de vida.\",\"publisher\":{\"@id\":\"https:\\\/\\\/vivirlasalud.com\\\/#organization\"},\"potentialAction\":[{\"@type\":\"SearchAction\",\"target\":{\"@type\":\"EntryPoint\",\"urlTemplate\":\"https:\\\/\\\/vivirlasalud.com\\\/?s={search_term_string}\"},\"query-input\":{\"@type\":\"PropertyValueSpecification\",\"valueRequired\":true,\"valueName\":\"search_term_string\"}}],\"inLanguage\":\"en-US\"},{\"@type\":\"Organization\",\"@id\":\"https:\\\/\\\/vivirlasalud.com\\\/#organization\",\"name\":\"Vivir La Salud\",\"url\":\"https:\\\/\\\/vivirlasalud.com\\\/\",\"logo\":{\"@type\":\"ImageObject\",\"inLanguage\":\"en-US\",\"@id\":\"https:\\\/\\\/vivirlasalud.com\\\/#\\\/schema\\\/logo\\\/image\\\/\",\"url\":\"https:\\\/\\\/vivirlasalud.com\\\/wp-content\\\/uploads\\\/2025\\\/08\\\/cropped-VivirLaSalud_Logo_360x120.png\",\"contentUrl\":\"https:\\\/\\\/vivirlasalud.com\\\/wp-content\\\/uploads\\\/2025\\\/08\\\/cropped-VivirLaSalud_Logo_360x120.png\",\"width\":360,\"height\":120,\"caption\":\"Vivir La Salud\"},\"image\":{\"@id\":\"https:\\\/\\\/vivirlasalud.com\\\/#\\\/schema\\\/logo\\\/image\\\/\"},\"sameAs\":[\"https:\\\/\\\/www.facebook.com\\\/vivirlasalud.paginaoficial\",\"https:\\\/\\\/instagram.com\\\/vivirlasalud.oficial\",\"https:\\\/\\\/www.youtube.com\\\/@Vivir-LaSalud\"]}]}<\/script>\n<!-- \/ Yoast SEO plugin. -->","yoast_head_json":{"title":"Qui\u00e9nes Somos - Vivir La Salud","description":"Vivir La Salud: tienda online de productos naturales y suplementos de alta calidad. Bienestar, energ\u00eda y vitalidad al alcance de un clic.","robots":{"index":"index","follow":"follow","max-snippet":"max-snippet:-1","max-image-preview":"max-image-preview:large","max-video-preview":"max-video-preview:-1"},"canonical":"https:\/\/vivirlasalud.com\/en\/quienes-somos\/","og_locale":"en_US","og_type":"article","og_title":"Qui\u00e9nes Somos - Vivir La Salud","og_description":"Vivir La Salud: tienda online de productos naturales y suplementos de alta calidad. Bienestar, energ\u00eda y vitalidad al alcance de un clic.","og_url":"https:\/\/vivirlasalud.com\/en\/quienes-somos\/","og_site_name":"Vivir La Salud","article_publisher":"https:\/\/www.facebook.com\/vivirlasalud.paginaoficial","article_modified_time":"2025-09-25T16:15:40+00:00","og_image":[{"url":"http:\/\/vivirlasalud.com\/wp-content\/uploads\/2025\/08\/About_2.png","type":"","width":"","height":""}],"twitter_card":"summary_large_image","twitter_misc":{"Est. reading time":"2 minutes"},"schema":{"@context":"https:\/\/schema.org","@graph":[{"@type":"WebPage","@id":"https:\/\/vivirlasalud.com\/quienes-somos\/","url":"https:\/\/vivirlasalud.com\/quienes-somos\/","name":"Qui\u00e9nes Somos - Vivir La Salud","isPartOf":{"@id":"https:\/\/vivirlasalud.com\/#website"},"primaryImageOfPage":{"@id":"https:\/\/vivirlasalud.com\/quienes-somos\/#primaryimage"},"image":{"@id":"https:\/\/vivirlasalud.com\/quienes-somos\/#primaryimage"},"thumbnailUrl":"http:\/\/vivirlasalud.com\/wp-content\/uploads\/2025\/08\/About_2.png","datePublished":"2025-08-05T17:42:01+00:00","dateModified":"2025-09-25T16:15:40+00:00","description":"Vivir La Salud: tienda online de productos naturales y suplementos de alta calidad. Bienestar, energ\u00eda y vitalidad al alcance de un clic.","breadcrumb":{"@id":"https:\/\/vivirlasalud.com\/quienes-somos\/#breadcrumb"},"inLanguage":"en-US","potentialAction":[{"@type":"ReadAction","target":["https:\/\/vivirlasalud.com\/quienes-somos\/"]}]},{"@type":"ImageObject","inLanguage":"en-US","@id":"https:\/\/vivirlasalud.com\/quienes-somos\/#primaryimage","url":"http:\/\/vivirlasalud.com\/wp-content\/uploads\/2025\/08\/About_2.png","contentUrl":"http:\/\/vivirlasalud.com\/wp-content\/uploads\/2025\/08\/About_2.png"},{"@type":"BreadcrumbList","@id":"https:\/\/vivirlasalud.com\/quienes-somos\/#breadcrumb","itemListElement":[{"@type":"ListItem","position":1,"name":"Home","item":"https:\/\/vivirlasalud.com\/"},{"@type":"ListItem","position":2,"name":"Qui\u00e9nes Somos"}]},{"@type":"WebSite","@id":"https:\/\/vivirlasalud.com\/#website","url":"https:\/\/vivirlasalud.com\/","name":"Vivir La Salud","description":"Productos naturales para la salud y el bienestar. Tratamientos efectivos para apoyar tu energ\u00eda, vitalidad y calidad de vida.","publisher":{"@id":"https:\/\/vivirlasalud.com\/#organization"},"potentialAction":[{"@type":"SearchAction","target":{"@type":"EntryPoint","urlTemplate":"https:\/\/vivirlasalud.com\/?s={search_term_string}"},"query-input":{"@type":"PropertyValueSpecification","valueRequired":true,"valueName":"search_term_string"}}],"inLanguage":"en-US"},{"@type":"Organization","@id":"https:\/\/vivirlasalud.com\/#organization","name":"Vivir La Salud","url":"https:\/\/vivirlasalud.com\/","logo":{"@type":"ImageObject","inLanguage":"en-US","@id":"https:\/\/vivirlasalud.com\/#\/schema\/logo\/image\/","url":"https:\/\/vivirlasalud.com\/wp-content\/uploads\/2025\/08\/cropped-VivirLaSalud_Logo_360x120.png","contentUrl":"https:\/\/vivirlasalud.com\/wp-content\/uploads\/2025\/08\/cropped-VivirLaSalud_Logo_360x120.png","width":360,"height":120,"caption":"Vivir La Salud"},"image":{"@id":"https:\/\/vivirlasalud.com\/#\/schema\/logo\/image\/"},"sameAs":["https:\/\/www.facebook.com\/vivirlasalud.paginaoficial","https:\/\/instagram.com\/vivirlasalud.oficial","https:\/\/www.youtube.com\/@Vivir-LaSalud"]}]}},"uagb_featured_image_src":{"full":false,"thumbnail":false,"medium":false,"medium_large":false,"large":false,"1536x1536":false,"2048x2048":false,"trp-custom-language-flag":false,"woocommerce_thumbnail":false,"woocommerce_single":false,"woocommerce_gallery_thumbnail":false},"uagb_author_info":{"display_name":"company@intsolcom.com","author_link":"https:\/\/vivirlasalud.com\/en\/author\/companyintsolcom-com\/"},"uagb_comment_info":0,"uagb_excerpt":"Bienestar natural para una vida m\u00e1s saludable Nuestra Historia Un camino hacia lo natural, una decisi\u00f3n por tu bienestar Vivir [&hellip;]","_links":{"self":[{"href":"https:\/\/vivirlasalud.com\/en\/wp-json\/wp\/v2\/pages\/1116","targetHints":{"allow":["GET"]}}],"collection":[{"href":"https:\/\/vivirlasalud.com\/en\/wp-json\/wp\/v2\/pages"}],"about":[{"href":"https:\/\/vivirlasalud.com\/en\/wp-json\/wp\/v2\/types\/page"}],"author":[{"embeddable":true,"href":"https:\/\/vivirlasalud.com\/en\/wp-json\/wp\/v2\/users\/1"}],"replies":[{"embeddable":true,"href":"https:\/\/vivirlasalud.com\/en\/wp-json\/wp\/v2\/comments?post=1116"}],"version-history":[{"count":24,"href":"https:\/\/vivirlasalud.com\/en\/wp-json\/wp\/v2\/pages\/1116\/revisions"}],"predecessor-version":[{"id":3311,"href":"https:\/\/vivirlasalud.com\/en\/wp-json\/wp\/v2\/pages\/1116\/revisions\/3311"}],"wp:attachment":[{"href":"https:\/\/vivirlasalud.com\/en\/wp-json\/wp\/v2\/media?parent=1116"}],"curies":[{"name":"wp","href":"https:\/\/api.w.org\/{rel}","templated":true}]}}