{"id":1118,"date":"2025-08-05T17:42:01","date_gmt":"2025-08-05T17:42:01","guid":{"rendered":"http:\/\/vivirlasalud.com\/contact\/"},"modified":"2026-03-25T14:48:04","modified_gmt":"2026-03-25T14:48:04","slug":"contacto","status":"publish","type":"page","link":"https:\/\/vivirlasalud.com\/en\/contacto\/","title":{"rendered":"Contact"},"content":{"rendered":"<div class=\"wp-block-uagb-container uagb-block-35508ad1 alignfull uagb-is-root-container\">\n<div class=\"wp-block-columns is-layout-flex wp-container-core-columns-is-layout-28f84493 wp-block-columns-is-layout-flex\">\n<div class=\"wp-block-column is-layout-flow wp-block-column-is-layout-flow\" style=\"flex-basis:100%\">\n<div class=\"wp-block-columns is-layout-flex wp-container-core-columns-is-layout-28f84493 wp-block-columns-is-layout-flex\">\n<div class=\"wp-block-column is-layout-flow wp-block-column-is-layout-flow\" style=\"flex-basis:100%\">\n<div class=\"wp-block-columns is-layout-flex wp-container-core-columns-is-layout-28f84493 wp-block-columns-is-layout-flex\">\n<div class=\"wp-block-column is-layout-flow wp-block-column-is-layout-flow\" style=\"flex-basis:33.34%\"><\/div>\n\n\n\n<div class=\"wp-block-column is-layout-flow wp-block-column-is-layout-flow\" style=\"flex-basis:33.34%\">\n<div class=\"wp-block-uagb-info-box uagb-block-c8b5002d uagb-infobox__content-wrap  uagb-infobox-icon-above-title uagb-infobox-image-valign-top wp-block-uagb-info-box--has-margin\"><div class=\"uagb-infobox-margin-wrapper\"><div class=\"uagb-ifb-content\"><div class=\"uagb-ifb-title-wrap\"><h1 class=\"uagb-ifb-title\">Contact us<\/h1><\/div><p class=\"uagb-ifb-desc\"><strong>Do you have questions about our natural products, your order, or how to start your journey to a healthier life?<\/strong> <br><br>At <strong>Vivir La Salud<\/strong> by <strong>Vaesa Group LLC<\/strong> nos encanta escucharte. Ya sea para resolver una inquietud, brindarte asesor\u00eda personalizada o ayudarte a tomar la mejor decisi\u00f3n para tu bienestar, estamos listos para responderte.<\/p><div class=\"uagb-ifb-separator\"><\/div><\/div><\/div><\/div>\n<\/div>\n\n\n\n<div class=\"wp-block-column is-layout-flow wp-block-column-is-layout-flow\" style=\"flex-basis:33.33%\"><\/div>\n<\/div>\n<\/div>\n<\/div>\n<\/div>\n<\/div>\n<\/div>\n\n\n\n<div class=\"wp-block-uagb-container uagb-block-45f61f9c alignfull uagb-is-root-container\"><div class=\"uagb-container-inner-blocks-wrap\">\n<div class=\"wp-block-uagb-container uagb-block-8e298135\">\n<div class=\"wp-block-uagb-info-box uagb-block-be821d51 uagb-infobox__content-wrap  uagb-infobox-icon-above-title uagb-infobox-image-valign-top\"><div class=\"uagb-ifb-content\"><div class=\"uagb-ifb-icon-wrap\"><div class=\"uagb-iconbox-icon-wrap uagb-infobox-shape-circle\"><svg xmlns=\"https:\/\/www.w3.org\/2000\/svg\" viewbox=\"0 0 384 512\"><path d=\"M168.3 499.2C116.1 435 0 279.4 0 192C0 85.96 85.96 0 192 0C298 0 384 85.96 384 192C384 279.4 267 435 215.7 499.2C203.4 514.5 180.6 514.5 168.3 499.2H168.3zM192 256C227.3 256 256 227.3 256 192C256 156.7 227.3 128 192 128C156.7 128 128 156.7 128 192C128 227.3 156.7 256 192 256z\"><\/path><\/svg><\/div><\/div><div class=\"uagb-ifb-title-wrap\"><h5 class=\"uagb-ifb-title\">Order tracking<\/h5><\/div><\/div><\/div>\n\n\n\n<div class=\"wp-block-uagb-info-box uagb-block-099e06d2 uagb-infobox__content-wrap  uagb-infobox-icon-above-title uagb-infobox-image-valign-top\"><div class=\"uagb-ifb-content\"><div class=\"uagb-ifb-icon-wrap\"><div class=\"uagb-iconbox-icon-wrap uagb-infobox-shape-circle\"><svg xmlns=\"https:\/\/www.w3.org\/2000\/svg\" viewbox=\"0 0 576 512\"><path d=\"M160 48C160 21.49 181.5 0 208 0H256V80C256 88.84 263.2 96 272 96H304C312.8 96 320 88.84 320 80V0H368C394.5 0 416 21.49 416 48V176C416 202.5 394.5 224 368 224H208C181.5 224 160 202.5 160 176V48zM96 288V368C96 376.8 103.2 384 112 384H144C152.8 384 160 376.8 160 368V288H208C234.5 288 256 309.5 256 336V464C256 490.5 234.5 512 208 512H48C21.49 512 0 490.5 0 464V336C0 309.5 21.49 288 48 288H96zM416 288V368C416 376.8 423.2 384 432 384H464C472.8 384 480 376.8 480 368V288H528C554.5 288 576 309.5 576 336V464C576 490.5 554.5 512 528 512H368C341.5 512 320 490.5 320 464V336C320 309.5 341.5 288 368 288H416z\"><\/path><\/svg><\/div><\/div><div class=\"uagb-ifb-title-wrap\"><h5 class=\"uagb-ifb-title\">Packaging and delivery<\/h5><\/div><\/div><\/div>\n\n\n\n<div class=\"wp-block-uagb-info-box uagb-block-9f5ae922 uagb-infobox__content-wrap  uagb-infobox-icon-above-title uagb-infobox-image-valign-top\"><div class=\"uagb-ifb-content\"><div class=\"uagb-ifb-icon-wrap\"><div class=\"uagb-iconbox-icon-wrap uagb-infobox-shape-circle\"><svg xmlns=\"https:\/\/www.w3.org\/2000\/svg\" viewbox=\"0 0 512 512\"><path d=\"M256 0C114.6 0 0 114.6 0 256s114.6 256 256 256s256-114.6 256-256S397.4 0 256 0zM256 400c-18 0-32-14-32-32s13.1-32 32-32c17.1 0 32 14 32 32S273.1 400 256 400zM325.1 258L280 286V288c0 13-11 24-24 24S232 301 232 288V272c0-8 4-16 12-21l57-34C308 213 312 206 312 198C312 186 301.1 176 289.1 176h-51.1C225.1 176 216 186 216 198c0 13-11 24-24 24s-24-11-24-24C168 159 199 128 237.1 128h51.1C329 128 360 159 360 198C360 222 347 245 325.1 258z\"><\/path><\/svg><\/div><\/div><div class=\"uagb-ifb-title-wrap\"><h5 class=\"uagb-ifb-title\">Frequently Asked Questions<\/h5><\/div><\/div><\/div>\n\n\n\n<div class=\"wp-block-uagb-info-box uagb-block-3aabf54e uagb-infobox__content-wrap  uagb-infobox-icon-above-title uagb-infobox-image-valign-top\"><div class=\"uagb-ifb-content\"><div class=\"uagb-ifb-icon-wrap\"><div class=\"uagb-iconbox-icon-wrap uagb-infobox-shape-circle\"><svg xmlns=\"https:\/\/www.w3.org\/2000\/svg\" viewbox=\"0 0 512 512\"><path d=\"M449.9 39.96l-48.5 48.53C362.5 53.19 311.4 32 256 32C161.5 32 78.59 92.34 49.58 182.2c-5.438 16.81 3.797 34.88 20.61 40.28c16.97 5.5 34.86-3.812 40.3-20.59C130.9 138.5 189.4 96 256 96c37.96 0 73 14.18 100.2 37.8L311.1 178C295.1 194.8 306.8 223.4 330.4 224h146.9C487.7 223.7 496 215.3 496 204.9V59.04C496 34.99 466.9 22.95 449.9 39.96zM441.8 289.6c-16.94-5.438-34.88 3.812-40.3 20.59C381.1 373.5 322.6 416 256 416c-37.96 0-73-14.18-100.2-37.8L200 334C216.9 317.2 205.2 288.6 181.6 288H34.66C24.32 288.3 16 296.7 16 307.1v145.9c0 24.04 29.07 36.08 46.07 19.07l48.5-48.53C149.5 458.8 200.6 480 255.1 480c94.45 0 177.4-60.34 206.4-150.2C467.9 313 458.6 294.1 441.8 289.6z\"><\/path><\/svg><\/div><\/div><div class=\"uagb-ifb-title-wrap\"><h5 class=\"uagb-ifb-title\">Refunds and Returns Policy<\/h5><\/div><\/div><\/div>\n<\/div>\n<\/div><\/div>\n\n\n\n<div class=\"wp-block-uagb-advanced-heading uagb-block-e1fd41da\"><h2 class=\"uagb-heading-text\">Do you have any questions?<\/h2><\/div>\n\n\n\n<div class=\"wp-block-uagb-container uagb-layout-grid uagb-block-fee90eb6 alignfull uagb-is-root-container\"><div class=\"uagb-container-inner-blocks-wrap\">\n<div class=\"wp-block-group is-content-justification-center is-layout-flex wp-container-core-group-is-layout-42b81ddb wp-block-group-is-layout-flex\" style=\"margin-top:var(--wp--preset--spacing--40);margin-bottom:var(--wp--preset--spacing--40);padding-right:var(--wp--preset--spacing--60);padding-left:var(--wp--preset--spacing--60)\">\n<p><strong>En Vivir La Salud by Vaesa Group LLC<\/strong> <strong>estamos comprometidos con brindarte una experiencia confiable y sin complicaciones. Sabemos que al realizar una compra pueden surgir preguntas o inquietudes, y queremos que siempre te sientas acompa\u00f1ado(a).<\/strong><\/p>\n\n\n\n<p>Para ello, hemos dispuesto nuestras l\u00edneas de soporte, donde recibir\u00e1s atenci\u00f3n personalizada y oportuna en los siguientes temas:<\/p>\n\n\n\n<ul class=\"wp-block-list\">\n<li><strong>Seguimiento de pedidos:<\/strong> Consulta el estado de tu compra y recibe informaci\u00f3n actualizada sobre tiempos de entrega.<\/li>\n\n\n\n<li><strong>Empaque y entrega:<\/strong> Aseguramos que cada producto llegue en perfectas condiciones. Si deseas detalles sobre c\u00f3mo preparamos y enviamos tu pedido, estamos aqu\u00ed para ayudarte.<\/li>\n\n\n\n<li><strong>Pol\u00edtica de devoluciones:<\/strong> Te orientamos en el proceso de devoluciones o reembolsos, con pasos claros y soporte durante todo el tr\u00e1mite.<\/li>\n\n\n\n<li><strong>Consultas sobre productos:<\/strong> Si tienes dudas antes o despu\u00e9s de tu compra, nuestro equipo puede orientarte con informaci\u00f3n confiable.<\/li>\n<\/ul>\n\n\n\n<p>Nuestro objetivo es que cada cliente tenga una experiencia clara, segura y respaldada en cada etapa: desde que conoces nuestros productos, hasta que los recibes y los disfrutas.<\/p>\n\n\n\n<p>\ud83d\udcde Para comunicarte con nosotros, utiliza nuestras l\u00edneas de soporte o escr\u00edbenos directamente a nuestro correo electr\u00f3nico. En Vivir La Salud siempre estamos listos para atenderte.<\/p>\n<\/div>\n\n\n\n<p>SMS Program Disclosure: \u00abBy calling or texting Vivir la Salud, you consent to receive recurring automated marketing and informational text messages at the number provided. Consent is not a condition of purchase. Message and data rates may apply. Message frequency varies. Reply STOP to cancel or HELP for help. View our Privacy Policy and Terms of Service.\u00bb<\/p>\n\n\n\n<div class=\"wp-block-uagb-container uagb-block-953af147\">\n<div class=\"wp-block-uagb-container uagb-block-c5edb8cc alignfull uagb-is-root-container\"><div class=\"uagb-container-inner-blocks-wrap\">\n<div class=\"wp-block-uagb-info-box uagb-block-17325895 uagb-infobox__content-wrap  uagb-infobox-icon-left uagb-infobox-left uagb-infobox-stacked-tablet uagb-infobox-image-valign-top\"><div class=\"uagb-ifb-icon-wrap\"><div class=\"uagb-iconbox-icon-wrap uagb-infobox-shape-circle\"><svg xmlns=\"https:\/\/www.w3.org\/2000\/svg\" viewbox=\"0 0 384 512\"><path d=\"M168.3 499.2C116.1 435 0 279.4 0 192C0 85.96 85.96 0 192 0C298 0 384 85.96 384 192C384 279.4 267 435 215.7 499.2C203.4 514.5 180.6 514.5 168.3 499.2H168.3zM192 256C227.3 256 256 227.3 256 192C256 156.7 227.3 128 192 128C156.7 128 128 156.7 128 192C128 227.3 156.7 256 192 256z\"><\/path><\/svg><\/div><\/div><div class=\"uagb-ifb-content\"><div class=\"uagb-ifb-title-wrap\"><h6 class=\"uagb-ifb-title\"><strong>Find us<\/strong><\/h6><\/div><p class=\"uagb-ifb-desc\">23rd Ave #2, Hialeah, FL 33016, EE. UU<\/p><\/div><\/div>\n\n\n\n<div class=\"wp-block-uagb-info-box uagb-block-ce2ea76d uagb-infobox__content-wrap  uagb-infobox-icon-left uagb-infobox-left uagb-infobox-stacked-tablet uagb-infobox-image-valign-top\"><div class=\"uagb-ifb-icon-wrap\"><div class=\"uagb-iconbox-icon-wrap uagb-infobox-shape-circle\"><svg xmlns=\"https:\/\/www.w3.org\/2000\/svg\" viewbox=\"0 0 512 512\"><path d=\"M470.6 425.4C483.1 437.9 483.1 458.1 470.6 470.6C458.1 483.1 437.9 483.1 425.4 470.6L412.1 458.2C369.6 491.9 315.2 512 255.1 512C196.8 512 142.4 491.9 99.02 458.2L86.63 470.6C74.13 483.1 53.87 483.1 41.37 470.6C28.88 458.1 28.88 437.9 41.37 425.4L53.76 412.1C20.07 369.6 0 315.2 0 255.1C0 196.8 20.07 142.4 53.76 99.02L41.37 86.63C28.88 74.13 28.88 53.87 41.37 41.37C53.87 28.88 74.13 28.88 86.63 41.37L99.02 53.76C142.4 20.07 196.8 0 255.1 0C315.2 0 369.6 20.07 412.1 53.76L425.4 41.37C437.9 28.88 458.1 28.88 470.6 41.37C483.1 53.87 483.1 74.13 470.6 86.63L458.2 99.02C491.9 142.4 512 196.8 512 255.1C512 315.2 491.9 369.6 458.2 412.1L470.6 425.4zM309.3 354.5C293.4 363.1 275.3 368 255.1 368C236.7 368 218.6 363.1 202.7 354.5L144.8 412.5C176.1 434.9 214.5 448 255.1 448C297.5 448 335.9 434.9 367.2 412.5L309.3 354.5zM448 255.1C448 214.5 434.9 176.1 412.5 144.8L354.5 202.7C363.1 218.6 368 236.7 368 256C368 275.3 363.1 293.4 354.5 309.3L412.5 367.2C434.9 335.9 448 297.5 448 256V255.1zM255.1 63.1C214.5 63.1 176.1 77.14 144.8 99.5L202.7 157.5C218.6 148.9 236.7 143.1 255.1 143.1C275.3 143.1 293.4 148.9 309.3 157.5L367.2 99.5C335.9 77.14 297.5 63.1 256 63.1H255.1zM157.5 309.3C148.9 293.4 143.1 275.3 143.1 255.1C143.1 236.7 148.9 218.6 157.5 202.7L99.5 144.8C77.14 176.1 63.1 214.5 63.1 255.1C63.1 297.5 77.14 335.9 99.5 367.2L157.5 309.3zM255.1 207.1C229.5 207.1 207.1 229.5 207.1 255.1C207.1 282.5 229.5 303.1 255.1 303.1C282.5 303.1 304 282.5 304 255.1C304 229.5 282.5 207.1 255.1 207.1z\"><\/path><\/svg><\/div><\/div><div class=\"uagb-ifb-content\"><div class=\"uagb-ifb-title-wrap\"><h6 class=\"uagb-ifb-title\"><strong>Support<\/strong><\/h6><\/div><p class=\"uagb-ifb-desc\">Phone: <a href=\"tel:17865720989\"><\/a><a href=\"tel:17865720989\">+1 (786) 253 9528<\/a><br>Mail: <a href=\"mailto:info@vivirlasalud.com\" target=\"_blank\" rel=\"noreferrer noopener\">info@vivirlasalud.com<\/a><\/p><\/div><\/div>\n\n\n\n<div class=\"wp-block-uagb-info-box uagb-block-2726f34d uagb-infobox__content-wrap  uagb-infobox-icon-left uagb-infobox-left uagb-infobox-stacked-tablet uagb-infobox-image-valign-top\"><div class=\"uagb-ifb-icon-wrap\"><div class=\"uagb-iconbox-icon-wrap uagb-infobox-shape-circle\"><svg xmlns=\"https:\/\/www.w3.org\/2000\/svg\" viewbox=\"0 0 512 512\"><path d=\"M256 512C114.6 512 0 397.4 0 256C0 114.6 114.6 0 256 0C397.4 0 512 114.6 512 256C512 397.4 397.4 512 256 512zM232 256C232 264 236 271.5 242.7 275.1L338.7 339.1C349.7 347.3 364.6 344.3 371.1 333.3C379.3 322.3 376.3 307.4 365.3 300L280 243.2V120C280 106.7 269.3 96 255.1 96C242.7 96 231.1 106.7 231.1 120L232 256z\"><\/path><\/svg><\/div><\/div><div class=\"uagb-ifb-content\"><div class=\"uagb-ifb-title-wrap\"><h6 class=\"uagb-ifb-title\"><strong>Business hours<\/strong><\/h6><\/div><p class=\"uagb-ifb-desc\">Monday to Friday: <br>10:00AM &#8211; 5:00PM (EST)<\/p><\/div><\/div>\n<\/div><\/div>\n<\/div>\n<\/div><\/div>\n\n\n\n<p><\/p>","protected":false},"excerpt":{"rendered":"<p>\u00bfTienes alguna pregunta? En Vivir La Salud by Vaesa Group LLC estamos comprometidos con brindarte una experiencia confiable y sin [&hellip;]<\/p>","protected":false},"author":1,"featured_media":0,"parent":0,"menu_order":0,"comment_status":"closed","ping_status":"closed","template":"","meta":{"_uag_custom_page_level_css":"","site-sidebar-layout":"no-sidebar","site-content-layout":"page-builder","ast-site-content-layout":"full-width-container","site-content-style":"unboxed","site-sidebar-style":"unboxed","ast-global-header-display":"","ast-banner-title-visibility":"","ast-main-header-display":"","ast-hfb-above-header-display":"","ast-hfb-below-header-display":"","ast-hfb-mobile-header-display":"","site-post-title":"disabled","ast-breadcrumbs-content":"disabled","ast-featured-img":"disabled","footer-sml-layout":"","theme-transparent-header-meta":"enabled","adv-header-id-meta":"","stick-header-meta":"","header-above-stick-meta":"","header-main-stick-meta":"","header-below-stick-meta":"","astra-migrate-meta-layouts":"set","ast-page-background-enabled":"default","ast-page-background-meta":{"desktop":{"background-color":"var(--ast-global-color-4)","background-image":"","background-repeat":"repeat","background-position":"center center","background-size":"auto","background-attachment":"scroll","background-type":"","background-media":"","overlay-type":"","overlay-color":"","overlay-opacity":"","overlay-gradient":""},"tablet":{"background-color":"","background-image":"","background-repeat":"repeat","background-position":"center center","background-size":"auto","background-attachment":"scroll","background-type":"","background-media":"","overlay-type":"","overlay-color":"","overlay-opacity":"","overlay-gradient":""},"mobile":{"background-color":"","background-image":"","background-repeat":"repeat","background-position":"center center","background-size":"auto","background-attachment":"scroll","background-type":"","background-media":"","overlay-type":"","overlay-color":"","overlay-opacity":"","overlay-gradient":""}},"ast-content-background-meta":{"desktop":{"background-color":"var(--ast-global-color-5)","background-image":"","background-repeat":"repeat","background-position":"center center","background-size":"auto","background-attachment":"scroll","background-type":"","background-media":"","overlay-type":"","overlay-color":"","overlay-opacity":"","overlay-gradient":""},"tablet":{"background-color":"var(--ast-global-color-5)","background-image":"","background-repeat":"repeat","background-position":"center center","background-size":"auto","background-attachment":"scroll","background-type":"","background-media":"","overlay-type":"","overlay-color":"","overlay-opacity":"","overlay-gradient":""},"mobile":{"background-color":"var(--ast-global-color-5)","background-image":"","background-repeat":"repeat","background-position":"center center","background-size":"auto","background-attachment":"scroll","background-type":"","background-media":"","overlay-type":"","overlay-color":"","overlay-opacity":"","overlay-gradient":""}},"footnotes":""},"class_list":["post-1118","page","type-page","status-publish","hentry"],"yoast_head":"<!-- This site is optimized with the Yoast SEO plugin v27.3 - https:\/\/yoast.com\/product\/yoast-seo-wordpress\/ -->\n<title>Contacto - Vivir La Salud<\/title>\n<meta name=\"description\" content=\"Vivir La Salud: tienda online de productos naturales y suplementos de alta calidad. Bienestar, energ\u00eda y vitalidad al alcance de un clic.\" \/>\n<meta name=\"robots\" content=\"index, follow, max-snippet:-1, max-image-preview:large, max-video-preview:-1\" \/>\n<link rel=\"canonical\" href=\"https:\/\/vivirlasalud.com\/en\/contacto\/\" \/>\n<meta property=\"og:locale\" content=\"en_US\" \/>\n<meta property=\"og:type\" content=\"article\" \/>\n<meta property=\"og:title\" content=\"Contacto - Vivir La Salud\" \/>\n<meta property=\"og:description\" content=\"Vivir La Salud: tienda online de productos naturales y suplementos de alta calidad. Bienestar, energ\u00eda y vitalidad al alcance de un clic.\" \/>\n<meta property=\"og:url\" content=\"https:\/\/vivirlasalud.com\/en\/contacto\/\" \/>\n<meta property=\"og:site_name\" content=\"Vivir La Salud\" \/>\n<meta property=\"article:publisher\" content=\"https:\/\/www.facebook.com\/vivirlasalud.paginaoficial\" \/>\n<meta property=\"article:modified_time\" content=\"2026-03-25T14:48:04+00:00\" \/>\n<meta property=\"og:image\" content=\"https:\/\/vivirlasalud.com\/wp-content\/uploads\/2025\/08\/Imagen_Sitio.jpg\" \/>\n\t<meta property=\"og:image:width\" content=\"1200\" \/>\n\t<meta property=\"og:image:height\" content=\"675\" \/>\n\t<meta property=\"og:image:type\" content=\"image\/jpeg\" \/>\n<meta name=\"twitter:card\" content=\"summary_large_image\" \/>\n<meta name=\"twitter:label1\" content=\"Est. reading time\" \/>\n\t<meta name=\"twitter:data1\" content=\"2 minutes\" \/>\n<script type=\"application\/ld+json\" class=\"yoast-schema-graph\">{\"@context\":\"https:\\\/\\\/schema.org\",\"@graph\":[{\"@type\":\"WebPage\",\"@id\":\"https:\\\/\\\/vivirlasalud.com\\\/contacto\\\/\",\"url\":\"https:\\\/\\\/vivirlasalud.com\\\/contacto\\\/\",\"name\":\"Contacto - Vivir La Salud\",\"isPartOf\":{\"@id\":\"https:\\\/\\\/vivirlasalud.com\\\/#website\"},\"datePublished\":\"2025-08-05T17:42:01+00:00\",\"dateModified\":\"2026-03-25T14:48:04+00:00\",\"description\":\"Vivir La Salud: tienda online de productos naturales y suplementos de alta calidad. Bienestar, energ\u00eda y vitalidad al alcance de un clic.\",\"breadcrumb\":{\"@id\":\"https:\\\/\\\/vivirlasalud.com\\\/contacto\\\/#breadcrumb\"},\"inLanguage\":\"en-US\",\"potentialAction\":[{\"@type\":\"ReadAction\",\"target\":[\"https:\\\/\\\/vivirlasalud.com\\\/contacto\\\/\"]}]},{\"@type\":\"BreadcrumbList\",\"@id\":\"https:\\\/\\\/vivirlasalud.com\\\/contacto\\\/#breadcrumb\",\"itemListElement\":[{\"@type\":\"ListItem\",\"position\":1,\"name\":\"Home\",\"item\":\"https:\\\/\\\/vivirlasalud.com\\\/\"},{\"@type\":\"ListItem\",\"position\":2,\"name\":\"Contacto\"}]},{\"@type\":\"WebSite\",\"@id\":\"https:\\\/\\\/vivirlasalud.com\\\/#website\",\"url\":\"https:\\\/\\\/vivirlasalud.com\\\/\",\"name\":\"Vivir La Salud\",\"description\":\"Productos naturales para la salud y el bienestar. Tratamientos efectivos para apoyar tu energ\u00eda, vitalidad y calidad de vida.\",\"publisher\":{\"@id\":\"https:\\\/\\\/vivirlasalud.com\\\/#organization\"},\"potentialAction\":[{\"@type\":\"SearchAction\",\"target\":{\"@type\":\"EntryPoint\",\"urlTemplate\":\"https:\\\/\\\/vivirlasalud.com\\\/?s={search_term_string}\"},\"query-input\":{\"@type\":\"PropertyValueSpecification\",\"valueRequired\":true,\"valueName\":\"search_term_string\"}}],\"inLanguage\":\"en-US\"},{\"@type\":\"Organization\",\"@id\":\"https:\\\/\\\/vivirlasalud.com\\\/#organization\",\"name\":\"Vivir La Salud\",\"url\":\"https:\\\/\\\/vivirlasalud.com\\\/\",\"logo\":{\"@type\":\"ImageObject\",\"inLanguage\":\"en-US\",\"@id\":\"https:\\\/\\\/vivirlasalud.com\\\/#\\\/schema\\\/logo\\\/image\\\/\",\"url\":\"https:\\\/\\\/vivirlasalud.com\\\/wp-content\\\/uploads\\\/2025\\\/08\\\/cropped-VivirLaSalud_Logo_360x120.png\",\"contentUrl\":\"https:\\\/\\\/vivirlasalud.com\\\/wp-content\\\/uploads\\\/2025\\\/08\\\/cropped-VivirLaSalud_Logo_360x120.png\",\"width\":360,\"height\":120,\"caption\":\"Vivir La Salud\"},\"image\":{\"@id\":\"https:\\\/\\\/vivirlasalud.com\\\/#\\\/schema\\\/logo\\\/image\\\/\"},\"sameAs\":[\"https:\\\/\\\/www.facebook.com\\\/vivirlasalud.paginaoficial\",\"https:\\\/\\\/instagram.com\\\/vivirlasalud.oficial\",\"https:\\\/\\\/www.youtube.com\\\/@Vivir-LaSalud\"]}]}<\/script>\n<!-- \/ Yoast SEO plugin. -->","yoast_head_json":{"title":"Contacto - Vivir La Salud","description":"Vivir La Salud: tienda online de productos naturales y suplementos de alta calidad. Bienestar, energ\u00eda y vitalidad al alcance de un clic.","robots":{"index":"index","follow":"follow","max-snippet":"max-snippet:-1","max-image-preview":"max-image-preview:large","max-video-preview":"max-video-preview:-1"},"canonical":"https:\/\/vivirlasalud.com\/en\/contacto\/","og_locale":"en_US","og_type":"article","og_title":"Contacto - Vivir La Salud","og_description":"Vivir La Salud: tienda online de productos naturales y suplementos de alta calidad. Bienestar, energ\u00eda y vitalidad al alcance de un clic.","og_url":"https:\/\/vivirlasalud.com\/en\/contacto\/","og_site_name":"Vivir La Salud","article_publisher":"https:\/\/www.facebook.com\/vivirlasalud.paginaoficial","article_modified_time":"2026-03-25T14:48:04+00:00","og_image":[{"width":1200,"height":675,"url":"https:\/\/vivirlasalud.com\/wp-content\/uploads\/2025\/08\/Imagen_Sitio.jpg","type":"image\/jpeg"}],"twitter_card":"summary_large_image","twitter_misc":{"Est. reading time":"2 minutes"},"schema":{"@context":"https:\/\/schema.org","@graph":[{"@type":"WebPage","@id":"https:\/\/vivirlasalud.com\/contacto\/","url":"https:\/\/vivirlasalud.com\/contacto\/","name":"Contacto - Vivir La Salud","isPartOf":{"@id":"https:\/\/vivirlasalud.com\/#website"},"datePublished":"2025-08-05T17:42:01+00:00","dateModified":"2026-03-25T14:48:04+00:00","description":"Vivir La Salud: tienda online de productos naturales y suplementos de alta calidad. Bienestar, energ\u00eda y vitalidad al alcance de un clic.","breadcrumb":{"@id":"https:\/\/vivirlasalud.com\/contacto\/#breadcrumb"},"inLanguage":"en-US","potentialAction":[{"@type":"ReadAction","target":["https:\/\/vivirlasalud.com\/contacto\/"]}]},{"@type":"BreadcrumbList","@id":"https:\/\/vivirlasalud.com\/contacto\/#breadcrumb","itemListElement":[{"@type":"ListItem","position":1,"name":"Home","item":"https:\/\/vivirlasalud.com\/"},{"@type":"ListItem","position":2,"name":"Contacto"}]},{"@type":"WebSite","@id":"https:\/\/vivirlasalud.com\/#website","url":"https:\/\/vivirlasalud.com\/","name":"Vivir La Salud","description":"Productos naturales para la salud y el bienestar. Tratamientos efectivos para apoyar tu energ\u00eda, vitalidad y calidad de vida.","publisher":{"@id":"https:\/\/vivirlasalud.com\/#organization"},"potentialAction":[{"@type":"SearchAction","target":{"@type":"EntryPoint","urlTemplate":"https:\/\/vivirlasalud.com\/?s={search_term_string}"},"query-input":{"@type":"PropertyValueSpecification","valueRequired":true,"valueName":"search_term_string"}}],"inLanguage":"en-US"},{"@type":"Organization","@id":"https:\/\/vivirlasalud.com\/#organization","name":"Vivir La Salud","url":"https:\/\/vivirlasalud.com\/","logo":{"@type":"ImageObject","inLanguage":"en-US","@id":"https:\/\/vivirlasalud.com\/#\/schema\/logo\/image\/","url":"https:\/\/vivirlasalud.com\/wp-content\/uploads\/2025\/08\/cropped-VivirLaSalud_Logo_360x120.png","contentUrl":"https:\/\/vivirlasalud.com\/wp-content\/uploads\/2025\/08\/cropped-VivirLaSalud_Logo_360x120.png","width":360,"height":120,"caption":"Vivir La Salud"},"image":{"@id":"https:\/\/vivirlasalud.com\/#\/schema\/logo\/image\/"},"sameAs":["https:\/\/www.facebook.com\/vivirlasalud.paginaoficial","https:\/\/instagram.com\/vivirlasalud.oficial","https:\/\/www.youtube.com\/@Vivir-LaSalud"]}]}},"uagb_featured_image_src":{"full":false,"thumbnail":false,"medium":false,"medium_large":false,"large":false,"1536x1536":false,"2048x2048":false,"trp-custom-language-flag":false,"woocommerce_thumbnail":false,"woocommerce_single":false,"woocommerce_gallery_thumbnail":false},"uagb_author_info":{"display_name":"company@intsolcom.com","author_link":"https:\/\/vivirlasalud.com\/en\/author\/companyintsolcom-com\/"},"uagb_comment_info":0,"uagb_excerpt":"\u00bfTienes alguna pregunta? En Vivir La Salud by Vaesa Group LLC estamos comprometidos con brindarte una experiencia confiable y sin [&hellip;]","_links":{"self":[{"href":"https:\/\/vivirlasalud.com\/en\/wp-json\/wp\/v2\/pages\/1118","targetHints":{"allow":["GET"]}}],"collection":[{"href":"https:\/\/vivirlasalud.com\/en\/wp-json\/wp\/v2\/pages"}],"about":[{"href":"https:\/\/vivirlasalud.com\/en\/wp-json\/wp\/v2\/types\/page"}],"author":[{"embeddable":true,"href":"https:\/\/vivirlasalud.com\/en\/wp-json\/wp\/v2\/users\/1"}],"replies":[{"embeddable":true,"href":"https:\/\/vivirlasalud.com\/en\/wp-json\/wp\/v2\/comments?post=1118"}],"version-history":[{"count":54,"href":"https:\/\/vivirlasalud.com\/en\/wp-json\/wp\/v2\/pages\/1118\/revisions"}],"predecessor-version":[{"id":3767,"href":"https:\/\/vivirlasalud.com\/en\/wp-json\/wp\/v2\/pages\/1118\/revisions\/3767"}],"wp:attachment":[{"href":"https:\/\/vivirlasalud.com\/en\/wp-json\/wp\/v2\/media?parent=1118"}],"curies":[{"name":"wp","href":"https:\/\/api.w.org\/{rel}","templated":true}]}}