{"id":2515,"date":"2025-08-05T19:55:51","date_gmt":"2025-08-05T19:55:51","guid":{"rendered":"https:\/\/vivirlasalud.com\/?post_type=product&#038;p=2515"},"modified":"2025-08-20T19:06:04","modified_gmt":"2025-08-20T19:06:04","slug":"dia-b-t-control-natural-de-glucosa-y-pancreas","status":"publish","type":"product","link":"https:\/\/vivirlasalud.com\/en\/product\/dia-b-t-control-natural-de-glucosa-y-pancreas\/","title":{"rendered":"Dia-B-T: Natural Glucose and Pancreatic Control"},"content":{"rendered":"<p><strong>Dia-B-T<\/strong>\u00a0it's an advanced herbal supplement for sugar control and supporting pancreatic function. Its formula contains yacon, fenugreek, alfalfa, and chromium picolinate. These ingredients help regulate glucose and improve metabolic response.<\/p>\n<p>It is useful for those seeking to prevent imbalances or need to maintain consistent glycemic control. Compatible with gluten-free and vegetarian diets.<\/p>\n<p>To enhance results, you can combine\u00a0<strong>Dia-B-T<\/strong>\u00a0with\u00a0<a class=\"break-word hover:text-super hover:decoration-super underline decoration-from-font underline-offset-1 transition-all duration-300\" href=\"https:\/\/www.vivirlasalud.com\/producto\/oxygen-drops\" target=\"_blank\" rel=\"nofollow noopener\">Oxygen Drops<\/a>, which promotes vitality and regulates sugar.<\/p>\n<p>According to the\u00a0<a class=\"break-word hover:text-super hover:decoration-super underline decoration-from-font underline-offset-1 transition-all duration-300\" href=\"https:\/\/www.who.int\/es\/news-room\/fact-sheets\/detail\/diabetes\" target=\"_blank\" rel=\"nofollow noopener\">OMS<\/a>, sugar control is key to overall health.<\/p>\n<p>It's recommended to take 2 capsules daily with food and water. Each package contains 60 capsules, ideal for a month.<\/p>\n<table class=\"border-borderMain my-[1em] w-full table-auto border\">\n<tbody>\n<tr>\n<td class=\"border-borderMain px-sm dark:border-borderMainDark min-w-[48px] break-normal border\"><strong>Mode of use<\/strong><\/td>\n<td class=\"border-borderMain px-sm dark:border-borderMainDark min-w-[48px] break-normal border\">Take 2 capsules daily with water and food.<\/td>\n<\/tr>\n<tr>\n<td class=\"border-borderMain px-sm dark:border-borderMainDark min-w-[48px] break-normal border\"><strong>Dose<\/strong><\/td>\n<td class=\"border-borderMain px-sm dark:border-borderMainDark min-w-[48px] break-normal border\">2 capsules daily<\/td>\n<\/tr>\n<tr>\n<td class=\"border-borderMain px-sm dark:border-borderMainDark min-w-[48px] break-normal border\"><strong>Portions<\/strong><\/td>\n<td class=\"border-borderMain px-sm dark:border-borderMainDark min-w-[48px] break-normal border\">60 capsules (30 servings)<\/td>\n<\/tr>\n<tr>\n<td class=\"border-borderMain px-sm dark:border-borderMainDark min-w-[48px] break-normal border\"><strong>Key benefits<\/strong><\/td>\n<td class=\"border-borderMain px-sm dark:border-borderMainDark min-w-[48px] break-normal border\">\u2013 Improves pancreatic function.<br \/>\n\u2013 Regulates glucose.<br \/>\n\u2013 Promotes metabolism.<br \/>\n\u2013 Vegetable, safe and suitable for daily use.<\/td>\n<\/tr>\n<tr>\n<td class=\"border-borderMain px-sm dark:border-borderMainDark min-w-[48px] break-normal border\"><strong>Ingredients<\/strong><\/td>\n<td class=\"border-borderMain px-sm dark:border-borderMainDark min-w-[48px] break-normal border\">Yacon, fenugreek, alfalfa, chromium picolinate.<\/td>\n<\/tr>\n<\/tbody>\n<\/table>","protected":false},"excerpt":{"rendered":"<p>Dia-B-T helps control blood sugar and supports the pancreas. A plant-based formula that safely and daily supports your metabolism.<\/p>","protected":false},"featured_media":2516,"comment_status":"open","ping_status":"closed","template":"","meta":{"_uag_custom_page_level_css":"","site-sidebar-layout":"default","site-content-layout":"","ast-site-content-layout":"default","site-content-style":"default","site-sidebar-style":"default","ast-global-header-display":"","ast-banner-title-visibility":"","ast-main-header-display":"","ast-hfb-above-header-display":"","ast-hfb-below-header-display":"","ast-hfb-mobile-header-display":"","site-post-title":"","ast-breadcrumbs-content":"","ast-featured-img":"","footer-sml-layout":"","theme-transparent-header-meta":"default","adv-header-id-meta":"","stick-header-meta":"","header-above-stick-meta":"","header-main-stick-meta":"","header-below-stick-meta":"","astra-migrate-meta-layouts":"set","ast-page-background-enabled":"default","ast-page-background-meta":{"desktop":{"background-color":"var(--ast-global-color-4)","background-image":"","background-repeat":"repeat","background-position":"center center","background-size":"auto","background-attachment":"scroll","background-type":"","background-media":"","overlay-type":"","overlay-color":"","overlay-opacity":"","overlay-gradient":""},"tablet":{"background-color":"","background-image":"","background-repeat":"repeat","background-position":"center center","background-size":"auto","background-attachment":"scroll","background-type":"","background-media":"","overlay-type":"","overlay-color":"","overlay-opacity":"","overlay-gradient":""},"mobile":{"background-color":"","background-image":"","background-repeat":"repeat","background-position":"center center","background-size":"auto","background-attachment":"scroll","background-type":"","background-media":"","overlay-type":"","overlay-color":"","overlay-opacity":"","overlay-gradient":""}},"ast-content-background-meta":{"desktop":{"background-color":"var(--ast-global-color-5)","background-image":"","background-repeat":"repeat","background-position":"center center","background-size":"auto","background-attachment":"scroll","background-type":"","background-media":"","overlay-type":"","overlay-color":"","overlay-opacity":"","overlay-gradient":""},"tablet":{"background-color":"var(--ast-global-color-5)","background-image":"","background-repeat":"repeat","background-position":"center center","background-size":"auto","background-attachment":"scroll","background-type":"","background-media":"","overlay-type":"","overlay-color":"","overlay-opacity":"","overlay-gradient":""},"mobile":{"background-color":"var(--ast-global-color-5)","background-image":"","background-repeat":"repeat","background-position":"center center","background-size":"auto","background-attachment":"scroll","background-type":"","background-media":"","overlay-type":"","overlay-color":"","overlay-opacity":"","overlay-gradient":""}}},"product_brand":[41],"product_cat":[29],"product_tag":[69,71,62,47,37,68,70],"class_list":{"0":"post-2515","1":"product","2":"type-product","3":"status-publish","4":"has-post-thumbnail","6":"product_brand-allnue-natural-inc","7":"product_cat-medicina-natural","8":"product_tag-azucar","9":"product_tag-control","10":"product_tag-glucosa","11":"product_tag-metabolismo","12":"product_tag-natural","13":"product_tag-pancreas","14":"product_tag-vegetal","15":"desktop-align-left","16":"tablet-align-left","17":"mobile-align-left","19":"first","20":"instock","21":"shipping-taxable","22":"purchasable","23":"product-type-simple"},"yoast_head":"<!-- This site is optimized with the Yoast SEO plugin v27.3 - https:\/\/yoast.com\/product\/yoast-seo-wordpress\/ -->\n<title>Dia-B-T: Control Natural de Glucosa y P\u00e1ncreas - Vivir La Salud<\/title>\n<meta name=\"description\" content=\"Descubre nuestros productos naturales \ud83c\udf3f para mejorar tu salud y bienestar. Suplementos de alta calidad, seguros y efectivos para tu vida diaria.\" \/>\n<meta name=\"robots\" content=\"index, follow, max-snippet:-1, max-image-preview:large, max-video-preview:-1\" \/>\n<link rel=\"canonical\" href=\"https:\/\/vivirlasalud.com\/en\/product\/dia-b-t-control-natural-de-glucosa-y-pancreas\/\" \/>\n<meta property=\"og:locale\" content=\"en_US\" \/>\n<meta property=\"og:type\" content=\"article\" \/>\n<meta property=\"og:title\" content=\"Dia-B-T: Control Natural de Glucosa y P\u00e1ncreas - Vivir La Salud\" \/>\n<meta property=\"og:description\" content=\"Descubre nuestros productos naturales \ud83c\udf3f para mejorar tu salud y bienestar. Suplementos de alta calidad, seguros y efectivos para tu vida diaria.\" \/>\n<meta property=\"og:url\" content=\"https:\/\/vivirlasalud.com\/en\/product\/dia-b-t-control-natural-de-glucosa-y-pancreas\/\" \/>\n<meta property=\"og:site_name\" content=\"Vivir La Salud\" \/>\n<meta property=\"article:publisher\" content=\"https:\/\/www.facebook.com\/vivirlasalud.paginaoficial\" \/>\n<meta property=\"article:modified_time\" content=\"2025-08-20T19:06:04+00:00\" \/>\n<meta property=\"og:image\" content=\"https:\/\/vivirlasalud.com\/wp-content\/uploads\/2025\/08\/7-DIABT-1500x1500-1.png\" \/>\n\t<meta property=\"og:image:width\" content=\"1500\" \/>\n\t<meta property=\"og:image:height\" content=\"1500\" \/>\n\t<meta property=\"og:image:type\" content=\"image\/png\" \/>\n<meta name=\"twitter:card\" content=\"summary_large_image\" \/>\n<meta name=\"twitter:label1\" content=\"Est. reading time\" \/>\n\t<meta name=\"twitter:data1\" content=\"1 minute\" \/>\n<script type=\"application\/ld+json\" class=\"yoast-schema-graph\">{\"@context\":\"https:\\\/\\\/schema.org\",\"@graph\":[{\"@type\":\"WebPage\",\"@id\":\"https:\\\/\\\/vivirlasalud.com\\\/product\\\/dia-b-t-control-natural-de-glucosa-y-pancreas\\\/\",\"url\":\"https:\\\/\\\/vivirlasalud.com\\\/product\\\/dia-b-t-control-natural-de-glucosa-y-pancreas\\\/\",\"name\":\"Dia-B-T: Control Natural de Glucosa y P\u00e1ncreas - Vivir La Salud\",\"isPartOf\":{\"@id\":\"https:\\\/\\\/vivirlasalud.com\\\/#website\"},\"primaryImageOfPage\":{\"@id\":\"https:\\\/\\\/vivirlasalud.com\\\/product\\\/dia-b-t-control-natural-de-glucosa-y-pancreas\\\/#primaryimage\"},\"image\":{\"@id\":\"https:\\\/\\\/vivirlasalud.com\\\/product\\\/dia-b-t-control-natural-de-glucosa-y-pancreas\\\/#primaryimage\"},\"thumbnailUrl\":\"https:\\\/\\\/vivirlasalud.com\\\/wp-content\\\/uploads\\\/2025\\\/08\\\/7-DIABT-1500x1500-1.png\",\"datePublished\":\"2025-08-05T19:55:51+00:00\",\"dateModified\":\"2025-08-20T19:06:04+00:00\",\"description\":\"Descubre nuestros productos naturales \ud83c\udf3f para mejorar tu salud y bienestar. Suplementos de alta calidad, seguros y efectivos para tu vida diaria.\",\"breadcrumb\":{\"@id\":\"https:\\\/\\\/vivirlasalud.com\\\/product\\\/dia-b-t-control-natural-de-glucosa-y-pancreas\\\/#breadcrumb\"},\"inLanguage\":\"en-US\",\"potentialAction\":[{\"@type\":\"ReadAction\",\"target\":[\"https:\\\/\\\/vivirlasalud.com\\\/product\\\/dia-b-t-control-natural-de-glucosa-y-pancreas\\\/\"]}]},{\"@type\":\"ImageObject\",\"inLanguage\":\"en-US\",\"@id\":\"https:\\\/\\\/vivirlasalud.com\\\/product\\\/dia-b-t-control-natural-de-glucosa-y-pancreas\\\/#primaryimage\",\"url\":\"https:\\\/\\\/vivirlasalud.com\\\/wp-content\\\/uploads\\\/2025\\\/08\\\/7-DIABT-1500x1500-1.png\",\"contentUrl\":\"https:\\\/\\\/vivirlasalud.com\\\/wp-content\\\/uploads\\\/2025\\\/08\\\/7-DIABT-1500x1500-1.png\",\"width\":1500,\"height\":1500,\"caption\":\"7-DIABT-1500x1500\"},{\"@type\":\"BreadcrumbList\",\"@id\":\"https:\\\/\\\/vivirlasalud.com\\\/product\\\/dia-b-t-control-natural-de-glucosa-y-pancreas\\\/#breadcrumb\",\"itemListElement\":[{\"@type\":\"ListItem\",\"position\":1,\"name\":\"Home\",\"item\":\"https:\\\/\\\/vivirlasalud.com\\\/\"},{\"@type\":\"ListItem\",\"position\":2,\"name\":\"Cat\u00e1logo de Productos\",\"item\":\"https:\\\/\\\/vivirlasalud.com\\\/catalogo\\\/\"},{\"@type\":\"ListItem\",\"position\":3,\"name\":\"Dia-B-T: Control Natural de Glucosa y P\u00e1ncreas\"}]},{\"@type\":\"WebSite\",\"@id\":\"https:\\\/\\\/vivirlasalud.com\\\/#website\",\"url\":\"https:\\\/\\\/vivirlasalud.com\\\/\",\"name\":\"Vivir La Salud\",\"description\":\"Productos naturales para la salud y el bienestar. Tratamientos efectivos para apoyar tu energ\u00eda, vitalidad y calidad de vida.\",\"publisher\":{\"@id\":\"https:\\\/\\\/vivirlasalud.com\\\/#organization\"},\"potentialAction\":[{\"@type\":\"SearchAction\",\"target\":{\"@type\":\"EntryPoint\",\"urlTemplate\":\"https:\\\/\\\/vivirlasalud.com\\\/?s={search_term_string}\"},\"query-input\":{\"@type\":\"PropertyValueSpecification\",\"valueRequired\":true,\"valueName\":\"search_term_string\"}}],\"inLanguage\":\"en-US\"},{\"@type\":\"Organization\",\"@id\":\"https:\\\/\\\/vivirlasalud.com\\\/#organization\",\"name\":\"Vivir La Salud\",\"url\":\"https:\\\/\\\/vivirlasalud.com\\\/\",\"logo\":{\"@type\":\"ImageObject\",\"inLanguage\":\"en-US\",\"@id\":\"https:\\\/\\\/vivirlasalud.com\\\/#\\\/schema\\\/logo\\\/image\\\/\",\"url\":\"https:\\\/\\\/vivirlasalud.com\\\/wp-content\\\/uploads\\\/2025\\\/08\\\/cropped-VivirLaSalud_Logo_360x120.png\",\"contentUrl\":\"https:\\\/\\\/vivirlasalud.com\\\/wp-content\\\/uploads\\\/2025\\\/08\\\/cropped-VivirLaSalud_Logo_360x120.png\",\"width\":360,\"height\":120,\"caption\":\"Vivir La Salud\"},\"image\":{\"@id\":\"https:\\\/\\\/vivirlasalud.com\\\/#\\\/schema\\\/logo\\\/image\\\/\"},\"sameAs\":[\"https:\\\/\\\/www.facebook.com\\\/vivirlasalud.paginaoficial\",\"https:\\\/\\\/instagram.com\\\/vivirlasalud.oficial\",\"https:\\\/\\\/www.youtube.com\\\/@Vivir-LaSalud\"]}]}<\/script>\n<!-- \/ Yoast SEO plugin. -->","yoast_head_json":{"title":"Dia-B-T: Control Natural de Glucosa y P\u00e1ncreas - Vivir La Salud","description":"Descubre nuestros productos naturales \ud83c\udf3f para mejorar tu salud y bienestar. Suplementos de alta calidad, seguros y efectivos para tu vida diaria.","robots":{"index":"index","follow":"follow","max-snippet":"max-snippet:-1","max-image-preview":"max-image-preview:large","max-video-preview":"max-video-preview:-1"},"canonical":"https:\/\/vivirlasalud.com\/en\/product\/dia-b-t-control-natural-de-glucosa-y-pancreas\/","og_locale":"en_US","og_type":"article","og_title":"Dia-B-T: Control Natural de Glucosa y P\u00e1ncreas - Vivir La Salud","og_description":"Descubre nuestros productos naturales \ud83c\udf3f para mejorar tu salud y bienestar. Suplementos de alta calidad, seguros y efectivos para tu vida diaria.","og_url":"https:\/\/vivirlasalud.com\/en\/product\/dia-b-t-control-natural-de-glucosa-y-pancreas\/","og_site_name":"Vivir La Salud","article_publisher":"https:\/\/www.facebook.com\/vivirlasalud.paginaoficial","article_modified_time":"2025-08-20T19:06:04+00:00","og_image":[{"width":1500,"height":1500,"url":"https:\/\/vivirlasalud.com\/wp-content\/uploads\/2025\/08\/7-DIABT-1500x1500-1.png","type":"image\/png"}],"twitter_card":"summary_large_image","twitter_misc":{"Est. reading time":"1 minute"},"schema":{"@context":"https:\/\/schema.org","@graph":[{"@type":"WebPage","@id":"https:\/\/vivirlasalud.com\/product\/dia-b-t-control-natural-de-glucosa-y-pancreas\/","url":"https:\/\/vivirlasalud.com\/product\/dia-b-t-control-natural-de-glucosa-y-pancreas\/","name":"Dia-B-T: Control Natural de Glucosa y P\u00e1ncreas - Vivir La Salud","isPartOf":{"@id":"https:\/\/vivirlasalud.com\/#website"},"primaryImageOfPage":{"@id":"https:\/\/vivirlasalud.com\/product\/dia-b-t-control-natural-de-glucosa-y-pancreas\/#primaryimage"},"image":{"@id":"https:\/\/vivirlasalud.com\/product\/dia-b-t-control-natural-de-glucosa-y-pancreas\/#primaryimage"},"thumbnailUrl":"https:\/\/vivirlasalud.com\/wp-content\/uploads\/2025\/08\/7-DIABT-1500x1500-1.png","datePublished":"2025-08-05T19:55:51+00:00","dateModified":"2025-08-20T19:06:04+00:00","description":"Descubre nuestros productos naturales \ud83c\udf3f para mejorar tu salud y bienestar. Suplementos de alta calidad, seguros y efectivos para tu vida diaria.","breadcrumb":{"@id":"https:\/\/vivirlasalud.com\/product\/dia-b-t-control-natural-de-glucosa-y-pancreas\/#breadcrumb"},"inLanguage":"en-US","potentialAction":[{"@type":"ReadAction","target":["https:\/\/vivirlasalud.com\/product\/dia-b-t-control-natural-de-glucosa-y-pancreas\/"]}]},{"@type":"ImageObject","inLanguage":"en-US","@id":"https:\/\/vivirlasalud.com\/product\/dia-b-t-control-natural-de-glucosa-y-pancreas\/#primaryimage","url":"https:\/\/vivirlasalud.com\/wp-content\/uploads\/2025\/08\/7-DIABT-1500x1500-1.png","contentUrl":"https:\/\/vivirlasalud.com\/wp-content\/uploads\/2025\/08\/7-DIABT-1500x1500-1.png","width":1500,"height":1500,"caption":"7-DIABT-1500x1500"},{"@type":"BreadcrumbList","@id":"https:\/\/vivirlasalud.com\/product\/dia-b-t-control-natural-de-glucosa-y-pancreas\/#breadcrumb","itemListElement":[{"@type":"ListItem","position":1,"name":"Home","item":"https:\/\/vivirlasalud.com\/"},{"@type":"ListItem","position":2,"name":"Cat\u00e1logo de Productos","item":"https:\/\/vivirlasalud.com\/catalogo\/"},{"@type":"ListItem","position":3,"name":"Dia-B-T: Control Natural de Glucosa y P\u00e1ncreas"}]},{"@type":"WebSite","@id":"https:\/\/vivirlasalud.com\/#website","url":"https:\/\/vivirlasalud.com\/","name":"Vivir La Salud","description":"Productos naturales para la salud y el bienestar. Tratamientos efectivos para apoyar tu energ\u00eda, vitalidad y calidad de vida.","publisher":{"@id":"https:\/\/vivirlasalud.com\/#organization"},"potentialAction":[{"@type":"SearchAction","target":{"@type":"EntryPoint","urlTemplate":"https:\/\/vivirlasalud.com\/?s={search_term_string}"},"query-input":{"@type":"PropertyValueSpecification","valueRequired":true,"valueName":"search_term_string"}}],"inLanguage":"en-US"},{"@type":"Organization","@id":"https:\/\/vivirlasalud.com\/#organization","name":"Vivir La Salud","url":"https:\/\/vivirlasalud.com\/","logo":{"@type":"ImageObject","inLanguage":"en-US","@id":"https:\/\/vivirlasalud.com\/#\/schema\/logo\/image\/","url":"https:\/\/vivirlasalud.com\/wp-content\/uploads\/2025\/08\/cropped-VivirLaSalud_Logo_360x120.png","contentUrl":"https:\/\/vivirlasalud.com\/wp-content\/uploads\/2025\/08\/cropped-VivirLaSalud_Logo_360x120.png","width":360,"height":120,"caption":"Vivir La Salud"},"image":{"@id":"https:\/\/vivirlasalud.com\/#\/schema\/logo\/image\/"},"sameAs":["https:\/\/www.facebook.com\/vivirlasalud.paginaoficial","https:\/\/instagram.com\/vivirlasalud.oficial","https:\/\/www.youtube.com\/@Vivir-LaSalud"]}]}},"uagb_featured_image_src":{"full":["https:\/\/vivirlasalud.com\/wp-content\/uploads\/2025\/08\/7-DIABT-1500x1500-1.png",1500,1500,false],"thumbnail":["https:\/\/vivirlasalud.com\/wp-content\/uploads\/2025\/08\/7-DIABT-1500x1500-1-150x150.png",150,150,true],"medium":["https:\/\/vivirlasalud.com\/wp-content\/uploads\/2025\/08\/7-DIABT-1500x1500-1-300x300.png",300,300,true],"medium_large":["https:\/\/vivirlasalud.com\/wp-content\/uploads\/2025\/08\/7-DIABT-1500x1500-1-768x768.png",768,768,true],"large":["https:\/\/vivirlasalud.com\/wp-content\/uploads\/2025\/08\/7-DIABT-1500x1500-1-1024x1024.png",1024,1024,true],"1536x1536":["https:\/\/vivirlasalud.com\/wp-content\/uploads\/2025\/08\/7-DIABT-1500x1500-1.png",1500,1500,false],"2048x2048":["https:\/\/vivirlasalud.com\/wp-content\/uploads\/2025\/08\/7-DIABT-1500x1500-1.png",1500,1500,false],"trp-custom-language-flag":["https:\/\/vivirlasalud.com\/wp-content\/uploads\/2025\/08\/7-DIABT-1500x1500-1.png",12,12,false],"woocommerce_thumbnail":["https:\/\/vivirlasalud.com\/wp-content\/uploads\/2025\/08\/7-DIABT-1500x1500-1-300x300.png",300,300,true],"woocommerce_single":["https:\/\/vivirlasalud.com\/wp-content\/uploads\/2025\/08\/7-DIABT-1500x1500-1-600x600.png",600,600,true],"woocommerce_gallery_thumbnail":["https:\/\/vivirlasalud.com\/wp-content\/uploads\/2025\/08\/7-DIABT-1500x1500-1-100x100.png",100,100,true]},"uagb_author_info":{"display_name":"company@intsolcom.com","author_link":"https:\/\/vivirlasalud.com\/en\/author\/"},"uagb_comment_info":0,"uagb_excerpt":"Dia-B-T ayuda a controlar el az\u00facar y apoya al p\u00e1ncreas. F\u00f3rmula vegetal que cuida tu metabolismo de forma segura y diaria.","_links":{"self":[{"href":"https:\/\/vivirlasalud.com\/en\/wp-json\/wp\/v2\/product\/2515","targetHints":{"allow":["GET"]}}],"collection":[{"href":"https:\/\/vivirlasalud.com\/en\/wp-json\/wp\/v2\/product"}],"about":[{"href":"https:\/\/vivirlasalud.com\/en\/wp-json\/wp\/v2\/types\/product"}],"replies":[{"embeddable":true,"href":"https:\/\/vivirlasalud.com\/en\/wp-json\/wp\/v2\/comments?post=2515"}],"wp:featuredmedia":[{"embeddable":true,"href":"https:\/\/vivirlasalud.com\/en\/wp-json\/wp\/v2\/media\/2516"}],"wp:attachment":[{"href":"https:\/\/vivirlasalud.com\/en\/wp-json\/wp\/v2\/media?parent=2515"}],"wp:term":[{"taxonomy":"product_brand","embeddable":true,"href":"https:\/\/vivirlasalud.com\/en\/wp-json\/wp\/v2\/product_brand?post=2515"},{"taxonomy":"product_cat","embeddable":true,"href":"https:\/\/vivirlasalud.com\/en\/wp-json\/wp\/v2\/product_cat?post=2515"},{"taxonomy":"product_tag","embeddable":true,"href":"https:\/\/vivirlasalud.com\/en\/wp-json\/wp\/v2\/product_tag?post=2515"}],"curies":[{"name":"wp","href":"https:\/\/api.w.org\/{rel}","templated":true}]}}