{"id":2519,"date":"2025-08-05T20:04:02","date_gmt":"2025-08-05T20:04:02","guid":{"rendered":"https:\/\/vivirlasalud.com\/?post_type=product&#038;p=2519"},"modified":"2025-08-20T19:07:45","modified_gmt":"2025-08-20T19:07:45","slug":"celulas-madres-energia-y-regeneracion-natural","status":"publish","type":"product","link":"https:\/\/vivirlasalud.com\/en\/product\/celulas-madres-energia-y-regeneracion-natural\/","title":{"rendered":"Stem Cells: Energy and Natural Regeneration"},"content":{"rendered":"<p><strong>C\u00e9lulas Madres<\/strong>\u00a0boosts cellular regeneration and repair using advanced plant extracts. It provides more energy, improves joint and bone health, and supports the cardiovascular system. It is chosen by people suffering from fatigue or seeking to regain vitality.<\/p>\n<p>It provides strength, improves circulation, and aids in muscle recovery. It's suitable for daily and long-term use, with no side effects.<\/p>\n<p>Complete your routine with products from our\u00a0<a class=\"break-word hover:text-super hover:decoration-super underline decoration-from-font underline-offset-1 transition-all duration-300\" href=\"https:\/\/www.vivirlasalud.com\/categoria\/salud-integral\" target=\"_blank\" rel=\"nofollow noopener\">comprehensive health category<\/a>\u00a0if you are looking for holistic support.<\/p>\n<p>According to\u00a0<a class=\"break-word hover:text-super hover:decoration-super underline decoration-from-font underline-offset-1 transition-all duration-300\" href=\"https:\/\/pubmed.ncbi.nlm.nih.gov\/?term=stem+cells\" target=\"_blank\" rel=\"nofollow noopener\">NIH PubMed<\/a>, cell regeneration is important to stay young and active.<\/p>\n<p>The recommendation is to take 2 capsules daily with food and water. Each package contains 60 capsules, for 30 days.<\/p>\n<table class=\"border-borderMain my-[1em] w-full table-auto border\">\n<tbody>\n<tr>\n<td class=\"border-borderMain px-sm dark:border-borderMainDark min-w-[48px] break-normal border\"><strong>Mode of use<\/strong><\/td>\n<td class=\"border-borderMain px-sm dark:border-borderMainDark min-w-[48px] break-normal border\">Take 2 capsules per day with food and water.<\/td>\n<\/tr>\n<tr>\n<td class=\"border-borderMain px-sm dark:border-borderMainDark min-w-[48px] break-normal border\"><strong>Dose<\/strong><\/td>\n<td class=\"border-borderMain px-sm dark:border-borderMainDark min-w-[48px] break-normal border\">2 capsules daily<\/td>\n<\/tr>\n<tr>\n<td class=\"border-borderMain px-sm dark:border-borderMainDark min-w-[48px] break-normal border\"><strong>Portions<\/strong><\/td>\n<td class=\"border-borderMain px-sm dark:border-borderMainDark min-w-[48px] break-normal border\">60 capsules (30 servings)<\/td>\n<\/tr>\n<tr>\n<td class=\"border-borderMain px-sm dark:border-borderMainDark min-w-[48px] break-normal border\"><strong>Key benefits<\/strong><\/td>\n<td class=\"border-borderMain px-sm dark:border-borderMainDark min-w-[48px] break-normal border\">\u2013 Promotes regeneration.<br \/>\n\u2013 More daily energy.<br \/>\n\u2013 Strengthens bones and joints.<br \/>\n\u2013 Improves circulation and heart.<br \/>\n\u2013 Antioxidant and revitalizing support.<\/td>\n<\/tr>\n<tr>\n<td class=\"border-borderMain px-sm dark:border-borderMainDark min-w-[48px] break-normal border\"><strong>Ingredients<\/strong><\/td>\n<td class=\"border-borderMain px-sm dark:border-borderMainDark min-w-[48px] break-normal border\">Plant extracts with regenerative action.<\/td>\n<\/tr>\n<\/tbody>\n<\/table>","protected":false},"excerpt":{"rendered":"<p>Stem Cells improve energy and promote cell regeneration. Feel the natural change in your body every day. Experience their power.<\/p>","protected":false},"featured_media":2520,"comment_status":"open","ping_status":"closed","template":"","meta":{"_uag_custom_page_level_css":"","site-sidebar-layout":"default","site-content-layout":"","ast-site-content-layout":"default","site-content-style":"default","site-sidebar-style":"default","ast-global-header-display":"","ast-banner-title-visibility":"","ast-main-header-display":"","ast-hfb-above-header-display":"","ast-hfb-below-header-display":"","ast-hfb-mobile-header-display":"","site-post-title":"","ast-breadcrumbs-content":"","ast-featured-img":"","footer-sml-layout":"","theme-transparent-header-meta":"default","adv-header-id-meta":"","stick-header-meta":"","header-above-stick-meta":"","header-main-stick-meta":"","header-below-stick-meta":"","astra-migrate-meta-layouts":"set","ast-page-background-enabled":"default","ast-page-background-meta":{"desktop":{"background-color":"var(--ast-global-color-4)","background-image":"","background-repeat":"repeat","background-position":"center center","background-size":"auto","background-attachment":"scroll","background-type":"","background-media":"","overlay-type":"","overlay-color":"","overlay-opacity":"","overlay-gradient":""},"tablet":{"background-color":"","background-image":"","background-repeat":"repeat","background-position":"center center","background-size":"auto","background-attachment":"scroll","background-type":"","background-media":"","overlay-type":"","overlay-color":"","overlay-opacity":"","overlay-gradient":""},"mobile":{"background-color":"","background-image":"","background-repeat":"repeat","background-position":"center center","background-size":"auto","background-attachment":"scroll","background-type":"","background-media":"","overlay-type":"","overlay-color":"","overlay-opacity":"","overlay-gradient":""}},"ast-content-background-meta":{"desktop":{"background-color":"var(--ast-global-color-5)","background-image":"","background-repeat":"repeat","background-position":"center center","background-size":"auto","background-attachment":"scroll","background-type":"","background-media":"","overlay-type":"","overlay-color":"","overlay-opacity":"","overlay-gradient":""},"tablet":{"background-color":"var(--ast-global-color-5)","background-image":"","background-repeat":"repeat","background-position":"center center","background-size":"auto","background-attachment":"scroll","background-type":"","background-media":"","overlay-type":"","overlay-color":"","overlay-opacity":"","overlay-gradient":""},"mobile":{"background-color":"var(--ast-global-color-5)","background-image":"","background-repeat":"repeat","background-position":"center center","background-size":"auto","background-attachment":"scroll","background-type":"","background-media":"","overlay-type":"","overlay-color":"","overlay-opacity":"","overlay-gradient":""}}},"product_brand":[42],"product_cat":[29],"product_tag":[81,80,55,82,83,37,78,79],"class_list":{"0":"post-2519","1":"product","2":"type-product","3":"status-publish","4":"has-post-thumbnail","6":"product_brand-salud-preventiva","7":"product_cat-medicina-natural","8":"product_tag-articulaciones","9":"product_tag-celulas","10":"product_tag-energia","11":"product_tag-huesos","12":"product_tag-juvenil","13":"product_tag-natural","14":"product_tag-regeneracion","15":"product_tag-salud","16":"desktop-align-left","17":"tablet-align-left","18":"mobile-align-left","20":"first","21":"instock","22":"shipping-taxable","23":"purchasable","24":"product-type-simple"},"yoast_head":"<!-- This site is optimized with the Yoast SEO plugin v27.3 - https:\/\/yoast.com\/product\/yoast-seo-wordpress\/ -->\n<title>C\u00e9lulas Madres: Energ\u00eda y Regeneraci\u00f3n Natural - Vivir La Salud<\/title>\n<meta name=\"description\" content=\"Descubre nuestros productos naturales \ud83c\udf3f para mejorar tu salud y bienestar. Suplementos de alta calidad, seguros y efectivos para tu vida diaria.\" \/>\n<meta name=\"robots\" content=\"index, follow, max-snippet:-1, max-image-preview:large, max-video-preview:-1\" \/>\n<link rel=\"canonical\" href=\"https:\/\/vivirlasalud.com\/en\/product\/celulas-madres-energia-y-regeneracion-natural\/\" \/>\n<meta property=\"og:locale\" content=\"en_US\" \/>\n<meta property=\"og:type\" content=\"article\" \/>\n<meta property=\"og:title\" content=\"C\u00e9lulas Madres: Energ\u00eda y Regeneraci\u00f3n Natural - Vivir La Salud\" \/>\n<meta property=\"og:description\" content=\"Descubre nuestros productos naturales \ud83c\udf3f para mejorar tu salud y bienestar. Suplementos de alta calidad, seguros y efectivos para tu vida diaria.\" \/>\n<meta property=\"og:url\" content=\"https:\/\/vivirlasalud.com\/en\/product\/celulas-madres-energia-y-regeneracion-natural\/\" \/>\n<meta property=\"og:site_name\" content=\"Vivir La Salud\" \/>\n<meta property=\"article:publisher\" content=\"https:\/\/www.facebook.com\/vivirlasalud.paginaoficial\" \/>\n<meta property=\"article:modified_time\" content=\"2025-08-20T19:07:45+00:00\" \/>\n<meta property=\"og:image\" content=\"https:\/\/vivirlasalud.com\/wp-content\/uploads\/2025\/08\/9-CELULASMADRES-1500x1500-1.png\" \/>\n\t<meta property=\"og:image:width\" content=\"1500\" \/>\n\t<meta property=\"og:image:height\" content=\"1500\" \/>\n\t<meta property=\"og:image:type\" content=\"image\/png\" \/>\n<meta name=\"twitter:card\" content=\"summary_large_image\" \/>\n<meta name=\"twitter:label1\" content=\"Est. reading time\" \/>\n\t<meta name=\"twitter:data1\" content=\"1 minute\" \/>\n<script type=\"application\/ld+json\" class=\"yoast-schema-graph\">{\"@context\":\"https:\\\/\\\/schema.org\",\"@graph\":[{\"@type\":\"WebPage\",\"@id\":\"https:\\\/\\\/vivirlasalud.com\\\/product\\\/celulas-madres-energia-y-regeneracion-natural\\\/\",\"url\":\"https:\\\/\\\/vivirlasalud.com\\\/product\\\/celulas-madres-energia-y-regeneracion-natural\\\/\",\"name\":\"C\u00e9lulas Madres: Energ\u00eda y Regeneraci\u00f3n Natural - Vivir La Salud\",\"isPartOf\":{\"@id\":\"https:\\\/\\\/vivirlasalud.com\\\/#website\"},\"primaryImageOfPage\":{\"@id\":\"https:\\\/\\\/vivirlasalud.com\\\/product\\\/celulas-madres-energia-y-regeneracion-natural\\\/#primaryimage\"},\"image\":{\"@id\":\"https:\\\/\\\/vivirlasalud.com\\\/product\\\/celulas-madres-energia-y-regeneracion-natural\\\/#primaryimage\"},\"thumbnailUrl\":\"https:\\\/\\\/vivirlasalud.com\\\/wp-content\\\/uploads\\\/2025\\\/08\\\/9-CELULASMADRES-1500x1500-1.png\",\"datePublished\":\"2025-08-05T20:04:02+00:00\",\"dateModified\":\"2025-08-20T19:07:45+00:00\",\"description\":\"Descubre nuestros productos naturales \ud83c\udf3f para mejorar tu salud y bienestar. Suplementos de alta calidad, seguros y efectivos para tu vida diaria.\",\"breadcrumb\":{\"@id\":\"https:\\\/\\\/vivirlasalud.com\\\/product\\\/celulas-madres-energia-y-regeneracion-natural\\\/#breadcrumb\"},\"inLanguage\":\"en-US\",\"potentialAction\":[{\"@type\":\"ReadAction\",\"target\":[\"https:\\\/\\\/vivirlasalud.com\\\/product\\\/celulas-madres-energia-y-regeneracion-natural\\\/\"]}]},{\"@type\":\"ImageObject\",\"inLanguage\":\"en-US\",\"@id\":\"https:\\\/\\\/vivirlasalud.com\\\/product\\\/celulas-madres-energia-y-regeneracion-natural\\\/#primaryimage\",\"url\":\"https:\\\/\\\/vivirlasalud.com\\\/wp-content\\\/uploads\\\/2025\\\/08\\\/9-CELULASMADRES-1500x1500-1.png\",\"contentUrl\":\"https:\\\/\\\/vivirlasalud.com\\\/wp-content\\\/uploads\\\/2025\\\/08\\\/9-CELULASMADRES-1500x1500-1.png\",\"width\":1500,\"height\":1500,\"caption\":\"9-CELULASMADRES-1500x1500\"},{\"@type\":\"BreadcrumbList\",\"@id\":\"https:\\\/\\\/vivirlasalud.com\\\/product\\\/celulas-madres-energia-y-regeneracion-natural\\\/#breadcrumb\",\"itemListElement\":[{\"@type\":\"ListItem\",\"position\":1,\"name\":\"Home\",\"item\":\"https:\\\/\\\/vivirlasalud.com\\\/\"},{\"@type\":\"ListItem\",\"position\":2,\"name\":\"Cat\u00e1logo de Productos\",\"item\":\"https:\\\/\\\/vivirlasalud.com\\\/catalogo\\\/\"},{\"@type\":\"ListItem\",\"position\":3,\"name\":\"C\u00e9lulas Madres: Energ\u00eda y Regeneraci\u00f3n Natural\"}]},{\"@type\":\"WebSite\",\"@id\":\"https:\\\/\\\/vivirlasalud.com\\\/#website\",\"url\":\"https:\\\/\\\/vivirlasalud.com\\\/\",\"name\":\"Vivir La Salud\",\"description\":\"Productos naturales para la salud y el bienestar. Tratamientos efectivos para apoyar tu energ\u00eda, vitalidad y calidad de vida.\",\"publisher\":{\"@id\":\"https:\\\/\\\/vivirlasalud.com\\\/#organization\"},\"potentialAction\":[{\"@type\":\"SearchAction\",\"target\":{\"@type\":\"EntryPoint\",\"urlTemplate\":\"https:\\\/\\\/vivirlasalud.com\\\/?s={search_term_string}\"},\"query-input\":{\"@type\":\"PropertyValueSpecification\",\"valueRequired\":true,\"valueName\":\"search_term_string\"}}],\"inLanguage\":\"en-US\"},{\"@type\":\"Organization\",\"@id\":\"https:\\\/\\\/vivirlasalud.com\\\/#organization\",\"name\":\"Vivir La Salud\",\"url\":\"https:\\\/\\\/vivirlasalud.com\\\/\",\"logo\":{\"@type\":\"ImageObject\",\"inLanguage\":\"en-US\",\"@id\":\"https:\\\/\\\/vivirlasalud.com\\\/#\\\/schema\\\/logo\\\/image\\\/\",\"url\":\"https:\\\/\\\/vivirlasalud.com\\\/wp-content\\\/uploads\\\/2025\\\/08\\\/cropped-VivirLaSalud_Logo_360x120.png\",\"contentUrl\":\"https:\\\/\\\/vivirlasalud.com\\\/wp-content\\\/uploads\\\/2025\\\/08\\\/cropped-VivirLaSalud_Logo_360x120.png\",\"width\":360,\"height\":120,\"caption\":\"Vivir La Salud\"},\"image\":{\"@id\":\"https:\\\/\\\/vivirlasalud.com\\\/#\\\/schema\\\/logo\\\/image\\\/\"},\"sameAs\":[\"https:\\\/\\\/www.facebook.com\\\/vivirlasalud.paginaoficial\",\"https:\\\/\\\/instagram.com\\\/vivirlasalud.oficial\",\"https:\\\/\\\/www.youtube.com\\\/@Vivir-LaSalud\"]}]}<\/script>\n<!-- \/ Yoast SEO plugin. -->","yoast_head_json":{"title":"C\u00e9lulas Madres: Energ\u00eda y Regeneraci\u00f3n Natural - Vivir La Salud","description":"Descubre nuestros productos naturales \ud83c\udf3f para mejorar tu salud y bienestar. Suplementos de alta calidad, seguros y efectivos para tu vida diaria.","robots":{"index":"index","follow":"follow","max-snippet":"max-snippet:-1","max-image-preview":"max-image-preview:large","max-video-preview":"max-video-preview:-1"},"canonical":"https:\/\/vivirlasalud.com\/en\/product\/celulas-madres-energia-y-regeneracion-natural\/","og_locale":"en_US","og_type":"article","og_title":"C\u00e9lulas Madres: Energ\u00eda y Regeneraci\u00f3n Natural - Vivir La Salud","og_description":"Descubre nuestros productos naturales \ud83c\udf3f para mejorar tu salud y bienestar. Suplementos de alta calidad, seguros y efectivos para tu vida diaria.","og_url":"https:\/\/vivirlasalud.com\/en\/product\/celulas-madres-energia-y-regeneracion-natural\/","og_site_name":"Vivir La Salud","article_publisher":"https:\/\/www.facebook.com\/vivirlasalud.paginaoficial","article_modified_time":"2025-08-20T19:07:45+00:00","og_image":[{"width":1500,"height":1500,"url":"https:\/\/vivirlasalud.com\/wp-content\/uploads\/2025\/08\/9-CELULASMADRES-1500x1500-1.png","type":"image\/png"}],"twitter_card":"summary_large_image","twitter_misc":{"Est. reading time":"1 minute"},"schema":{"@context":"https:\/\/schema.org","@graph":[{"@type":"WebPage","@id":"https:\/\/vivirlasalud.com\/product\/celulas-madres-energia-y-regeneracion-natural\/","url":"https:\/\/vivirlasalud.com\/product\/celulas-madres-energia-y-regeneracion-natural\/","name":"C\u00e9lulas Madres: Energ\u00eda y Regeneraci\u00f3n Natural - Vivir La Salud","isPartOf":{"@id":"https:\/\/vivirlasalud.com\/#website"},"primaryImageOfPage":{"@id":"https:\/\/vivirlasalud.com\/product\/celulas-madres-energia-y-regeneracion-natural\/#primaryimage"},"image":{"@id":"https:\/\/vivirlasalud.com\/product\/celulas-madres-energia-y-regeneracion-natural\/#primaryimage"},"thumbnailUrl":"https:\/\/vivirlasalud.com\/wp-content\/uploads\/2025\/08\/9-CELULASMADRES-1500x1500-1.png","datePublished":"2025-08-05T20:04:02+00:00","dateModified":"2025-08-20T19:07:45+00:00","description":"Descubre nuestros productos naturales \ud83c\udf3f para mejorar tu salud y bienestar. Suplementos de alta calidad, seguros y efectivos para tu vida diaria.","breadcrumb":{"@id":"https:\/\/vivirlasalud.com\/product\/celulas-madres-energia-y-regeneracion-natural\/#breadcrumb"},"inLanguage":"en-US","potentialAction":[{"@type":"ReadAction","target":["https:\/\/vivirlasalud.com\/product\/celulas-madres-energia-y-regeneracion-natural\/"]}]},{"@type":"ImageObject","inLanguage":"en-US","@id":"https:\/\/vivirlasalud.com\/product\/celulas-madres-energia-y-regeneracion-natural\/#primaryimage","url":"https:\/\/vivirlasalud.com\/wp-content\/uploads\/2025\/08\/9-CELULASMADRES-1500x1500-1.png","contentUrl":"https:\/\/vivirlasalud.com\/wp-content\/uploads\/2025\/08\/9-CELULASMADRES-1500x1500-1.png","width":1500,"height":1500,"caption":"9-CELULASMADRES-1500x1500"},{"@type":"BreadcrumbList","@id":"https:\/\/vivirlasalud.com\/product\/celulas-madres-energia-y-regeneracion-natural\/#breadcrumb","itemListElement":[{"@type":"ListItem","position":1,"name":"Home","item":"https:\/\/vivirlasalud.com\/"},{"@type":"ListItem","position":2,"name":"Cat\u00e1logo de Productos","item":"https:\/\/vivirlasalud.com\/catalogo\/"},{"@type":"ListItem","position":3,"name":"C\u00e9lulas Madres: Energ\u00eda y Regeneraci\u00f3n Natural"}]},{"@type":"WebSite","@id":"https:\/\/vivirlasalud.com\/#website","url":"https:\/\/vivirlasalud.com\/","name":"Vivir La Salud","description":"Productos naturales para la salud y el bienestar. Tratamientos efectivos para apoyar tu energ\u00eda, vitalidad y calidad de vida.","publisher":{"@id":"https:\/\/vivirlasalud.com\/#organization"},"potentialAction":[{"@type":"SearchAction","target":{"@type":"EntryPoint","urlTemplate":"https:\/\/vivirlasalud.com\/?s={search_term_string}"},"query-input":{"@type":"PropertyValueSpecification","valueRequired":true,"valueName":"search_term_string"}}],"inLanguage":"en-US"},{"@type":"Organization","@id":"https:\/\/vivirlasalud.com\/#organization","name":"Vivir La Salud","url":"https:\/\/vivirlasalud.com\/","logo":{"@type":"ImageObject","inLanguage":"en-US","@id":"https:\/\/vivirlasalud.com\/#\/schema\/logo\/image\/","url":"https:\/\/vivirlasalud.com\/wp-content\/uploads\/2025\/08\/cropped-VivirLaSalud_Logo_360x120.png","contentUrl":"https:\/\/vivirlasalud.com\/wp-content\/uploads\/2025\/08\/cropped-VivirLaSalud_Logo_360x120.png","width":360,"height":120,"caption":"Vivir La Salud"},"image":{"@id":"https:\/\/vivirlasalud.com\/#\/schema\/logo\/image\/"},"sameAs":["https:\/\/www.facebook.com\/vivirlasalud.paginaoficial","https:\/\/instagram.com\/vivirlasalud.oficial","https:\/\/www.youtube.com\/@Vivir-LaSalud"]}]}},"uagb_featured_image_src":{"full":["https:\/\/vivirlasalud.com\/wp-content\/uploads\/2025\/08\/9-CELULASMADRES-1500x1500-1.png",1500,1500,false],"thumbnail":["https:\/\/vivirlasalud.com\/wp-content\/uploads\/2025\/08\/9-CELULASMADRES-1500x1500-1-150x150.png",150,150,true],"medium":["https:\/\/vivirlasalud.com\/wp-content\/uploads\/2025\/08\/9-CELULASMADRES-1500x1500-1-300x300.png",300,300,true],"medium_large":["https:\/\/vivirlasalud.com\/wp-content\/uploads\/2025\/08\/9-CELULASMADRES-1500x1500-1-768x768.png",768,768,true],"large":["https:\/\/vivirlasalud.com\/wp-content\/uploads\/2025\/08\/9-CELULASMADRES-1500x1500-1-1024x1024.png",1024,1024,true],"1536x1536":["https:\/\/vivirlasalud.com\/wp-content\/uploads\/2025\/08\/9-CELULASMADRES-1500x1500-1.png",1500,1500,false],"2048x2048":["https:\/\/vivirlasalud.com\/wp-content\/uploads\/2025\/08\/9-CELULASMADRES-1500x1500-1.png",1500,1500,false],"trp-custom-language-flag":["https:\/\/vivirlasalud.com\/wp-content\/uploads\/2025\/08\/9-CELULASMADRES-1500x1500-1.png",12,12,false],"woocommerce_thumbnail":["https:\/\/vivirlasalud.com\/wp-content\/uploads\/2025\/08\/9-CELULASMADRES-1500x1500-1-300x300.png",300,300,true],"woocommerce_single":["https:\/\/vivirlasalud.com\/wp-content\/uploads\/2025\/08\/9-CELULASMADRES-1500x1500-1-600x600.png",600,600,true],"woocommerce_gallery_thumbnail":["https:\/\/vivirlasalud.com\/wp-content\/uploads\/2025\/08\/9-CELULASMADRES-1500x1500-1-100x100.png",100,100,true]},"uagb_author_info":{"display_name":"company@intsolcom.com","author_link":"https:\/\/vivirlasalud.com\/en\/author\/"},"uagb_comment_info":0,"uagb_excerpt":"C\u00e9lulas Madres mejora energ\u00eda y promueve la regeneraci\u00f3n celular. Siente el cambio natural en tu cuerpo cada d\u00eda. Prueba su poder.","_links":{"self":[{"href":"https:\/\/vivirlasalud.com\/en\/wp-json\/wp\/v2\/product\/2519","targetHints":{"allow":["GET"]}}],"collection":[{"href":"https:\/\/vivirlasalud.com\/en\/wp-json\/wp\/v2\/product"}],"about":[{"href":"https:\/\/vivirlasalud.com\/en\/wp-json\/wp\/v2\/types\/product"}],"replies":[{"embeddable":true,"href":"https:\/\/vivirlasalud.com\/en\/wp-json\/wp\/v2\/comments?post=2519"}],"wp:featuredmedia":[{"embeddable":true,"href":"https:\/\/vivirlasalud.com\/en\/wp-json\/wp\/v2\/media\/2520"}],"wp:attachment":[{"href":"https:\/\/vivirlasalud.com\/en\/wp-json\/wp\/v2\/media?parent=2519"}],"wp:term":[{"taxonomy":"product_brand","embeddable":true,"href":"https:\/\/vivirlasalud.com\/en\/wp-json\/wp\/v2\/product_brand?post=2519"},{"taxonomy":"product_cat","embeddable":true,"href":"https:\/\/vivirlasalud.com\/en\/wp-json\/wp\/v2\/product_cat?post=2519"},{"taxonomy":"product_tag","embeddable":true,"href":"https:\/\/vivirlasalud.com\/en\/wp-json\/wp\/v2\/product_tag?post=2519"}],"curies":[{"name":"wp","href":"https:\/\/api.w.org\/{rel}","templated":true}]}}