{"id":3551,"date":"2026-02-18T02:58:42","date_gmt":"2026-02-18T02:58:42","guid":{"rendered":"https:\/\/vivirlasalud.com\/?post_type=product&#038;p=3551"},"modified":"2026-02-18T03:15:37","modified_gmt":"2026-02-18T03:15:37","slug":"oxygen-drops-capsulas-apoya-energia-y-controla-el-azucar","status":"publish","type":"product","link":"https:\/\/vivirlasalud.com\/en\/product\/oxygen-drops-capsulas-apoya-energia-y-controla-el-azucar\/","title":{"rendered":"Oxygen Drops:  C\u00e1psulas Apoya Energ\u00eda y Controla el Az\u00facar"},"content":{"rendered":"<p><strong>Oxygen C\u00e1psulas<\/strong> utiliza ox\u00edgeno\u00a0 estabilizado en un frasco de 60 c\u00e1psulas. Su f\u00f3rmula favorece la oxigenaci\u00f3n celular, optimizando el funcionamiento de las c\u00e9lulas para aportar m\u00e1s energ\u00eda y vitalidad diariamente. Adem\u00e1s, ayuda a regular los niveles de glucosa en sangre de forma natural, apoyando el metabolismo y la salud cardiometab\u00f3lica.<\/p>\n<p class=\"my-0 py-2 [&amp;_strong:has(+br)]:inline-block [&amp;_strong:has(+br)]:pb-2\">Especially recommended for athletes, active people, and those seeking greater concentration and performance. It also has antimicrobial properties that help strengthen defenses against bacteria, viruses, and fungi. For better glycemic control, it can be combined with other foods. <strong>Oxygen C\u00e1psulas<\/strong>\u00a0with <a href=\"https:\/\/vivirlasalud.com\/product\/dia-b-t-control-natural-de-glucosa-y-pancreas\/\">Dia-B-T<\/a>, another supplement available in our store.<\/p>\n<p class=\"my-0 py-2 [&amp;_strong:has(+br)]:inline-block [&amp;_strong:has(+br)]:pb-2\">A clinical study published in the\u00a0<a href=\"https:\/\/doi.org\/10.13181\/mji.v18i2.351\"><em>Medical Journal of Indonesia<\/em><\/a>\u00a0showed that hydrogen peroxide consumption improves postprandial glucose levels in patients with diabetes and can promote healing processes. Another study on the platform\u00a0<a href=\"https:\/\/pmc.ncbi.nlm.nih.gov\/articles\/PMC8279347\/\"><em>PMC<\/em><\/a> showed that water enriched with stabilized oxygen improves mitochondrial function in the context of diabetes, helping to reduce the associated metabolic dysfunction.<\/p>\n<p class=\"my-0 py-2 [&amp;_strong:has(+br)]:inline-block [&amp;_strong:has(+br)]:pb-2\">La administraci\u00f3n es sencilla: se recomienda tomar 1 c\u00e1psula, dos veces al d\u00eda, debajo de la lengua. El frasco de 60 c\u00e1psulas ofrece aproximadamente 30 porciones para un uso prolongado.<\/p>\n<p>&nbsp;<\/p>\n<p class=\"my-0 py-2 [&amp;_strong:has(+br)]:inline-block [&amp;_strong:has(+br)]:pb-2\"><strong>How to Use:<\/strong><br \/>\n1 c\u00e1psula , dos veces al d\u00eda.<\/p>\n<p class=\"my-0 py-2 [&amp;_strong:has(+br)]:inline-block [&amp;_strong:has(+br)]:pb-2\"><strong>Dosage:<\/strong><br \/>\n1 c\u00e1psula, dos veces al d\u00eda.<\/p>\n<p class=\"my-0 py-2 [&amp;_strong:has(+br)]:inline-block [&amp;_strong:has(+br)]:pb-2\"><strong>Servings:<\/strong><br \/>\nFrasco de 60 c\u00e1psulas (aprox. 30 porciones).<\/p>\n<p>&nbsp;<\/p>\n<p class=\"my-0 py-2 [&amp;_strong:has(+br)]:inline-block [&amp;_strong:has(+br)]:pb-2\"><strong>Key Benefits:<\/strong><\/p>\n<ul>\n<li class=\"my-0 py-2 [&amp;_strong:has(+br)]:inline-block [&amp;_strong:has(+br)]:pb-2\">Improves cellular oxygenation at a physiological level.<\/li>\n<li class=\"my-0 py-2 [&amp;_strong:has(+br)]:inline-block [&amp;_strong:has(+br)]:pb-2\">Naturally regulates blood sugar.<\/li>\n<li class=\"my-0 py-2 [&amp;_strong:has(+br)]:inline-block [&amp;_strong:has(+br)]:pb-2\">Increases energy, concentration and vitality.<\/li>\n<li class=\"my-0 py-2 [&amp;_strong:has(+br)]:inline-block [&amp;_strong:has(+br)]:pb-2\">Antimicrobial support for your defenses.<\/li>\n<\/ul>\n<p>&nbsp;<\/p>\n<p class=\"my-0 py-2 [&amp;_strong:has(+br)]:inline-block [&amp;_strong:has(+br)]:pb-2\"><strong>Ingredients:<\/strong><br \/>\nOx\u00edgeno c\u00e1psula estabilizado con minerales traza (cloruro, sodio, yodo, cromo, calcio, hierro, magnesio, zinc y m\u00e1s).<\/p>\n<p class=\"my-0 py-2 [&amp;_strong:has(+br)]:inline-block [&amp;_strong:has(+br)]:pb-2\"><strong>Supplement Facts (60 c\u00e1psulas):<\/strong><\/p>\n<div class=\"group relative\">\n<div class=\"w-full overflow-x-auto md:max-w-[90vw] border-borderMain\/50 ring-borderMain\/50 divide-borderMain\/50 dark:divide-borderMainDark\/50 dark:ring-borderMainDark\/50 dark:border-borderMainDark\/50 bg-transparent\">\n<table class=\"border-borderMain my-[1em] w-full table-auto border\">\n<thead class=\"bg-offset\">\n<tr>\n<th class=\"border-borderMain px-sm py-sm dark:border-borderMainDark break-normal border text-left align-top\">Ingredient<\/th>\n<th class=\"border-borderMain px-sm py-sm dark:border-borderMainDark break-normal border text-left align-top\">Amount per dose (8 drops)<\/th>\n<th class=\"border-borderMain px-sm py-sm dark:border-borderMainDark break-normal border text-left align-top\">% Daily Value*<\/th>\n<\/tr>\n<\/thead>\n<tbody>\n<tr>\n<td class=\"border-borderMain px-sm dark:border-borderMainDark min-w-[48px] break-normal border\">Chloride<\/td>\n<td class=\"border-borderMain px-sm dark:border-borderMainDark min-w-[48px] break-normal border\">54.50 mg<\/td>\n<td class=\"border-borderMain px-sm dark:border-borderMainDark min-w-[48px] break-normal border\">1.75%<\/td>\n<\/tr>\n<tr>\n<td class=\"border-borderMain px-sm dark:border-borderMainDark min-w-[48px] break-normal border\">Sodium<\/td>\n<td class=\"border-borderMain px-sm dark:border-borderMainDark min-w-[48px] break-normal border\">3.90 mg<\/td>\n<td class=\"border-borderMain px-sm dark:border-borderMainDark min-w-[48px] break-normal border\">0.43%<\/td>\n<\/tr>\n<tr>\n<td class=\"border-borderMain px-sm dark:border-borderMainDark min-w-[48px] break-normal border\">Iodine<\/td>\n<td class=\"border-borderMain px-sm dark:border-borderMainDark min-w-[48px] break-normal border\">0.07 mcg<\/td>\n<td class=\"border-borderMain px-sm dark:border-borderMainDark min-w-[48px] break-normal border\">0.04%<\/td>\n<\/tr>\n<tr>\n<td class=\"border-borderMain px-sm dark:border-borderMainDark min-w-[48px] break-normal border\">Chrome<\/td>\n<td class=\"border-borderMain px-sm dark:border-borderMainDark min-w-[48px] break-normal border\">0.07 mcg<\/td>\n<td class=\"border-borderMain px-sm dark:border-borderMainDark min-w-[48px] break-normal border\">0.04%<\/td>\n<\/tr>\n<\/tbody>\n<\/table>\n<p class=\"my-0 py-2 [&amp;_strong:has(+br)]:inline-block [&amp;_strong:has(+br)]:pb-2\">*Daily Value not established for some minerals.<\/p>\n<p>&nbsp;<\/p>\n<\/div>\n<\/div>\n<p><strong>Recommendation:<\/strong><br \/>\nUso como suplemento dietario. Tomar 1 c\u00e1psula en agua o jugo no \u00e1cido dos veces al d\u00eda o seg\u00fan indicaci\u00f3n profesional.<\/p>\n<p>&nbsp;<\/p>\n<p class=\"my-0 py-2 [&amp;_strong:has(+br)]:inline-block [&amp;_strong:has(+br)]:pb-2\"><strong>Suggested Links:<\/strong><\/p>\n<ul>\n<li style=\"list-style-type: none;\">\n<ul>\n<li class=\"my-0 py-2 [&amp;_strong:has(+br)]:inline-block [&amp;_strong:has(+br)]:pb-2\">Combines with\u00a0<a class=\"break-word hover:text-super hover:decoration-super underline decoration-from-font underline-offset-1 transition-all duration-300\" href=\"https:\/\/vivirlasalud.com\/product\/dia-b-t-control-natural-de-glucosa-y-pancreas\/\" target=\"_blank\" rel=\"nofollow noopener\">Dia-B-T for pancreas support and natural sugar control<\/a><\/li>\n<\/ul>\n<\/li>\n<\/ul>\n<p>&nbsp;<\/p>","protected":false},"excerpt":{"rendered":"<p>Oxygen C\u00e1psula ayuda a la vitalidad celular y regula az\u00facar. Sentir\u00e1s m\u00e1s energ\u00eda y equilibrio usando gotas a diario. \u00a1Pru\u00e9balo!<\/p>","protected":false},"featured_media":3555,"comment_status":"open","ping_status":"closed","template":"","meta":{"_uag_custom_page_level_css":"","site-sidebar-layout":"default","site-content-layout":"","ast-site-content-layout":"default","site-content-style":"default","site-sidebar-style":"default","ast-global-header-display":"","ast-banner-title-visibility":"","ast-main-header-display":"","ast-hfb-above-header-display":"","ast-hfb-below-header-display":"","ast-hfb-mobile-header-display":"","site-post-title":"","ast-breadcrumbs-content":"","ast-featured-img":"","footer-sml-layout":"","theme-transparent-header-meta":"default","adv-header-id-meta":"","stick-header-meta":"","header-above-stick-meta":"","header-main-stick-meta":"","header-below-stick-meta":"","astra-migrate-meta-layouts":"set","ast-page-background-enabled":"default","ast-page-background-meta":{"desktop":{"background-color":"var(--ast-global-color-4)","background-image":"","background-repeat":"repeat","background-position":"center center","background-size":"auto","background-attachment":"scroll","background-type":"","background-media":"","overlay-type":"","overlay-color":"","overlay-opacity":"","overlay-gradient":""},"tablet":{"background-color":"","background-image":"","background-repeat":"repeat","background-position":"center center","background-size":"auto","background-attachment":"scroll","background-type":"","background-media":"","overlay-type":"","overlay-color":"","overlay-opacity":"","overlay-gradient":""},"mobile":{"background-color":"","background-image":"","background-repeat":"repeat","background-position":"center center","background-size":"auto","background-attachment":"scroll","background-type":"","background-media":"","overlay-type":"","overlay-color":"","overlay-opacity":"","overlay-gradient":""}},"ast-content-background-meta":{"desktop":{"background-color":"var(--ast-global-color-5)","background-image":"","background-repeat":"repeat","background-position":"center center","background-size":"auto","background-attachment":"scroll","background-type":"","background-media":"","overlay-type":"","overlay-color":"","overlay-opacity":"","overlay-gradient":""},"tablet":{"background-color":"var(--ast-global-color-5)","background-image":"","background-repeat":"repeat","background-position":"center center","background-size":"auto","background-attachment":"scroll","background-type":"","background-media":"","overlay-type":"","overlay-color":"","overlay-opacity":"","overlay-gradient":""},"mobile":{"background-color":"var(--ast-global-color-5)","background-image":"","background-repeat":"repeat","background-position":"center center","background-size":"auto","background-attachment":"scroll","background-type":"","background-media":"","overlay-type":"","overlay-color":"","overlay-opacity":"","overlay-gradient":""}}},"product_brand":[41],"product_cat":[29],"product_tag":[55,62,63,47,37,61,56],"class_list":{"0":"post-3551","1":"product","2":"type-product","3":"status-publish","4":"has-post-thumbnail","6":"product_brand-allnue-natural-inc","7":"product_cat-medicina-natural","8":"product_tag-energia","9":"product_tag-glucosa","10":"product_tag-gotas","11":"product_tag-metabolismo","12":"product_tag-natural","13":"product_tag-oxigeno","14":"product_tag-vitalidad","15":"desktop-align-left","16":"tablet-align-left","17":"mobile-align-left","19":"first","20":"instock","21":"shipping-taxable","22":"purchasable","23":"product-type-simple"},"yoast_head":"<!-- This site is optimized with the Yoast SEO plugin v27.3 - https:\/\/yoast.com\/product\/yoast-seo-wordpress\/ -->\n<title>Oxygen Drops: C\u00e1psulas Apoya Energ\u00eda y Controla el Az\u00facar - Vivir La Salud<\/title>\n<meta name=\"description\" content=\"Descubre nuestros productos naturales \ud83c\udf3f para mejorar tu salud y bienestar. Suplementos de alta calidad, seguros y efectivos para tu vida diaria.\" \/>\n<meta name=\"robots\" content=\"index, follow, max-snippet:-1, max-image-preview:large, max-video-preview:-1\" \/>\n<link rel=\"canonical\" href=\"https:\/\/vivirlasalud.com\/en\/product\/oxygen-drops-capsulas-apoya-energia-y-controla-el-azucar\/\" \/>\n<meta property=\"og:locale\" content=\"en_US\" \/>\n<meta property=\"og:type\" content=\"article\" \/>\n<meta property=\"og:title\" content=\"Oxygen Drops: C\u00e1psulas Apoya Energ\u00eda y Controla el Az\u00facar - Vivir La Salud\" \/>\n<meta property=\"og:description\" content=\"Descubre nuestros productos naturales \ud83c\udf3f para mejorar tu salud y bienestar. Suplementos de alta calidad, seguros y efectivos para tu vida diaria.\" \/>\n<meta property=\"og:url\" content=\"https:\/\/vivirlasalud.com\/en\/product\/oxygen-drops-capsulas-apoya-energia-y-controla-el-azucar\/\" \/>\n<meta property=\"og:site_name\" content=\"Vivir La Salud\" \/>\n<meta property=\"article:publisher\" content=\"https:\/\/www.facebook.com\/vivirlasalud.paginaoficial\" \/>\n<meta property=\"article:modified_time\" content=\"2026-02-18T03:15:37+00:00\" \/>\n<meta property=\"og:image\" content=\"https:\/\/vivirlasalud.com\/wp-content\/uploads\/2026\/02\/Diseno-sin-titulo-1.jpg\" \/>\n\t<meta property=\"og:image:width\" content=\"1080\" \/>\n\t<meta property=\"og:image:height\" content=\"1350\" \/>\n\t<meta property=\"og:image:type\" content=\"image\/jpeg\" \/>\n<meta name=\"twitter:card\" content=\"summary_large_image\" \/>\n<meta name=\"twitter:label1\" content=\"Est. reading time\" \/>\n\t<meta name=\"twitter:data1\" content=\"2 minutes\" \/>\n<script type=\"application\/ld+json\" class=\"yoast-schema-graph\">{\"@context\":\"https:\\\/\\\/schema.org\",\"@graph\":[{\"@type\":\"WebPage\",\"@id\":\"https:\\\/\\\/vivirlasalud.com\\\/product\\\/oxygen-drops-capsulas-apoya-energia-y-controla-el-azucar\\\/\",\"url\":\"https:\\\/\\\/vivirlasalud.com\\\/product\\\/oxygen-drops-capsulas-apoya-energia-y-controla-el-azucar\\\/\",\"name\":\"Oxygen Drops: C\u00e1psulas Apoya Energ\u00eda y Controla el Az\u00facar - Vivir La Salud\",\"isPartOf\":{\"@id\":\"https:\\\/\\\/vivirlasalud.com\\\/#website\"},\"primaryImageOfPage\":{\"@id\":\"https:\\\/\\\/vivirlasalud.com\\\/product\\\/oxygen-drops-capsulas-apoya-energia-y-controla-el-azucar\\\/#primaryimage\"},\"image\":{\"@id\":\"https:\\\/\\\/vivirlasalud.com\\\/product\\\/oxygen-drops-capsulas-apoya-energia-y-controla-el-azucar\\\/#primaryimage\"},\"thumbnailUrl\":\"https:\\\/\\\/vivirlasalud.com\\\/wp-content\\\/uploads\\\/2026\\\/02\\\/Diseno-sin-titulo-1.jpg\",\"datePublished\":\"2026-02-18T02:58:42+00:00\",\"dateModified\":\"2026-02-18T03:15:37+00:00\",\"description\":\"Descubre nuestros productos naturales \ud83c\udf3f para mejorar tu salud y bienestar. Suplementos de alta calidad, seguros y efectivos para tu vida diaria.\",\"breadcrumb\":{\"@id\":\"https:\\\/\\\/vivirlasalud.com\\\/product\\\/oxygen-drops-capsulas-apoya-energia-y-controla-el-azucar\\\/#breadcrumb\"},\"inLanguage\":\"en-US\",\"potentialAction\":[{\"@type\":\"ReadAction\",\"target\":[\"https:\\\/\\\/vivirlasalud.com\\\/product\\\/oxygen-drops-capsulas-apoya-energia-y-controla-el-azucar\\\/\"]}]},{\"@type\":\"ImageObject\",\"inLanguage\":\"en-US\",\"@id\":\"https:\\\/\\\/vivirlasalud.com\\\/product\\\/oxygen-drops-capsulas-apoya-energia-y-controla-el-azucar\\\/#primaryimage\",\"url\":\"https:\\\/\\\/vivirlasalud.com\\\/wp-content\\\/uploads\\\/2026\\\/02\\\/Diseno-sin-titulo-1.jpg\",\"contentUrl\":\"https:\\\/\\\/vivirlasalud.com\\\/wp-content\\\/uploads\\\/2026\\\/02\\\/Diseno-sin-titulo-1.jpg\",\"width\":1080,\"height\":1350},{\"@type\":\"BreadcrumbList\",\"@id\":\"https:\\\/\\\/vivirlasalud.com\\\/product\\\/oxygen-drops-capsulas-apoya-energia-y-controla-el-azucar\\\/#breadcrumb\",\"itemListElement\":[{\"@type\":\"ListItem\",\"position\":1,\"name\":\"Home\",\"item\":\"https:\\\/\\\/vivirlasalud.com\\\/\"},{\"@type\":\"ListItem\",\"position\":2,\"name\":\"Cat\u00e1logo de Productos\",\"item\":\"https:\\\/\\\/vivirlasalud.com\\\/catalogo\\\/\"},{\"@type\":\"ListItem\",\"position\":3,\"name\":\"Oxygen Drops: C\u00e1psulas Apoya Energ\u00eda y Controla el Az\u00facar\"}]},{\"@type\":\"WebSite\",\"@id\":\"https:\\\/\\\/vivirlasalud.com\\\/#website\",\"url\":\"https:\\\/\\\/vivirlasalud.com\\\/\",\"name\":\"Vivir La Salud\",\"description\":\"Productos naturales para la salud y el bienestar. Tratamientos efectivos para apoyar tu energ\u00eda, vitalidad y calidad de vida.\",\"publisher\":{\"@id\":\"https:\\\/\\\/vivirlasalud.com\\\/#organization\"},\"potentialAction\":[{\"@type\":\"SearchAction\",\"target\":{\"@type\":\"EntryPoint\",\"urlTemplate\":\"https:\\\/\\\/vivirlasalud.com\\\/?s={search_term_string}\"},\"query-input\":{\"@type\":\"PropertyValueSpecification\",\"valueRequired\":true,\"valueName\":\"search_term_string\"}}],\"inLanguage\":\"en-US\"},{\"@type\":\"Organization\",\"@id\":\"https:\\\/\\\/vivirlasalud.com\\\/#organization\",\"name\":\"Vivir La Salud\",\"url\":\"https:\\\/\\\/vivirlasalud.com\\\/\",\"logo\":{\"@type\":\"ImageObject\",\"inLanguage\":\"en-US\",\"@id\":\"https:\\\/\\\/vivirlasalud.com\\\/#\\\/schema\\\/logo\\\/image\\\/\",\"url\":\"https:\\\/\\\/vivirlasalud.com\\\/wp-content\\\/uploads\\\/2025\\\/08\\\/cropped-VivirLaSalud_Logo_360x120.png\",\"contentUrl\":\"https:\\\/\\\/vivirlasalud.com\\\/wp-content\\\/uploads\\\/2025\\\/08\\\/cropped-VivirLaSalud_Logo_360x120.png\",\"width\":360,\"height\":120,\"caption\":\"Vivir La Salud\"},\"image\":{\"@id\":\"https:\\\/\\\/vivirlasalud.com\\\/#\\\/schema\\\/logo\\\/image\\\/\"},\"sameAs\":[\"https:\\\/\\\/www.facebook.com\\\/vivirlasalud.paginaoficial\",\"https:\\\/\\\/instagram.com\\\/vivirlasalud.oficial\",\"https:\\\/\\\/www.youtube.com\\\/@Vivir-LaSalud\"]}]}<\/script>\n<!-- \/ Yoast SEO plugin. -->","yoast_head_json":{"title":"Oxygen Drops: C\u00e1psulas Apoya Energ\u00eda y Controla el Az\u00facar - Vivir La Salud","description":"Descubre nuestros productos naturales \ud83c\udf3f para mejorar tu salud y bienestar. Suplementos de alta calidad, seguros y efectivos para tu vida diaria.","robots":{"index":"index","follow":"follow","max-snippet":"max-snippet:-1","max-image-preview":"max-image-preview:large","max-video-preview":"max-video-preview:-1"},"canonical":"https:\/\/vivirlasalud.com\/en\/product\/oxygen-drops-capsulas-apoya-energia-y-controla-el-azucar\/","og_locale":"en_US","og_type":"article","og_title":"Oxygen Drops: C\u00e1psulas Apoya Energ\u00eda y Controla el Az\u00facar - Vivir La Salud","og_description":"Descubre nuestros productos naturales \ud83c\udf3f para mejorar tu salud y bienestar. Suplementos de alta calidad, seguros y efectivos para tu vida diaria.","og_url":"https:\/\/vivirlasalud.com\/en\/product\/oxygen-drops-capsulas-apoya-energia-y-controla-el-azucar\/","og_site_name":"Vivir La Salud","article_publisher":"https:\/\/www.facebook.com\/vivirlasalud.paginaoficial","article_modified_time":"2026-02-18T03:15:37+00:00","og_image":[{"width":1080,"height":1350,"url":"https:\/\/vivirlasalud.com\/wp-content\/uploads\/2026\/02\/Diseno-sin-titulo-1.jpg","type":"image\/jpeg"}],"twitter_card":"summary_large_image","twitter_misc":{"Est. reading time":"2 minutes"},"schema":{"@context":"https:\/\/schema.org","@graph":[{"@type":"WebPage","@id":"https:\/\/vivirlasalud.com\/product\/oxygen-drops-capsulas-apoya-energia-y-controla-el-azucar\/","url":"https:\/\/vivirlasalud.com\/product\/oxygen-drops-capsulas-apoya-energia-y-controla-el-azucar\/","name":"Oxygen Drops: C\u00e1psulas Apoya Energ\u00eda y Controla el Az\u00facar - Vivir La Salud","isPartOf":{"@id":"https:\/\/vivirlasalud.com\/#website"},"primaryImageOfPage":{"@id":"https:\/\/vivirlasalud.com\/product\/oxygen-drops-capsulas-apoya-energia-y-controla-el-azucar\/#primaryimage"},"image":{"@id":"https:\/\/vivirlasalud.com\/product\/oxygen-drops-capsulas-apoya-energia-y-controla-el-azucar\/#primaryimage"},"thumbnailUrl":"https:\/\/vivirlasalud.com\/wp-content\/uploads\/2026\/02\/Diseno-sin-titulo-1.jpg","datePublished":"2026-02-18T02:58:42+00:00","dateModified":"2026-02-18T03:15:37+00:00","description":"Descubre nuestros productos naturales \ud83c\udf3f para mejorar tu salud y bienestar. Suplementos de alta calidad, seguros y efectivos para tu vida diaria.","breadcrumb":{"@id":"https:\/\/vivirlasalud.com\/product\/oxygen-drops-capsulas-apoya-energia-y-controla-el-azucar\/#breadcrumb"},"inLanguage":"en-US","potentialAction":[{"@type":"ReadAction","target":["https:\/\/vivirlasalud.com\/product\/oxygen-drops-capsulas-apoya-energia-y-controla-el-azucar\/"]}]},{"@type":"ImageObject","inLanguage":"en-US","@id":"https:\/\/vivirlasalud.com\/product\/oxygen-drops-capsulas-apoya-energia-y-controla-el-azucar\/#primaryimage","url":"https:\/\/vivirlasalud.com\/wp-content\/uploads\/2026\/02\/Diseno-sin-titulo-1.jpg","contentUrl":"https:\/\/vivirlasalud.com\/wp-content\/uploads\/2026\/02\/Diseno-sin-titulo-1.jpg","width":1080,"height":1350},{"@type":"BreadcrumbList","@id":"https:\/\/vivirlasalud.com\/product\/oxygen-drops-capsulas-apoya-energia-y-controla-el-azucar\/#breadcrumb","itemListElement":[{"@type":"ListItem","position":1,"name":"Home","item":"https:\/\/vivirlasalud.com\/"},{"@type":"ListItem","position":2,"name":"Cat\u00e1logo de Productos","item":"https:\/\/vivirlasalud.com\/catalogo\/"},{"@type":"ListItem","position":3,"name":"Oxygen Drops: C\u00e1psulas Apoya Energ\u00eda y Controla el Az\u00facar"}]},{"@type":"WebSite","@id":"https:\/\/vivirlasalud.com\/#website","url":"https:\/\/vivirlasalud.com\/","name":"Vivir La Salud","description":"Productos naturales para la salud y el bienestar. Tratamientos efectivos para apoyar tu energ\u00eda, vitalidad y calidad de vida.","publisher":{"@id":"https:\/\/vivirlasalud.com\/#organization"},"potentialAction":[{"@type":"SearchAction","target":{"@type":"EntryPoint","urlTemplate":"https:\/\/vivirlasalud.com\/?s={search_term_string}"},"query-input":{"@type":"PropertyValueSpecification","valueRequired":true,"valueName":"search_term_string"}}],"inLanguage":"en-US"},{"@type":"Organization","@id":"https:\/\/vivirlasalud.com\/#organization","name":"Vivir La Salud","url":"https:\/\/vivirlasalud.com\/","logo":{"@type":"ImageObject","inLanguage":"en-US","@id":"https:\/\/vivirlasalud.com\/#\/schema\/logo\/image\/","url":"https:\/\/vivirlasalud.com\/wp-content\/uploads\/2025\/08\/cropped-VivirLaSalud_Logo_360x120.png","contentUrl":"https:\/\/vivirlasalud.com\/wp-content\/uploads\/2025\/08\/cropped-VivirLaSalud_Logo_360x120.png","width":360,"height":120,"caption":"Vivir La Salud"},"image":{"@id":"https:\/\/vivirlasalud.com\/#\/schema\/logo\/image\/"},"sameAs":["https:\/\/www.facebook.com\/vivirlasalud.paginaoficial","https:\/\/instagram.com\/vivirlasalud.oficial","https:\/\/www.youtube.com\/@Vivir-LaSalud"]}]}},"uagb_featured_image_src":{"full":["https:\/\/vivirlasalud.com\/wp-content\/uploads\/2026\/02\/Diseno-sin-titulo-1.jpg",1080,1350,false],"thumbnail":["https:\/\/vivirlasalud.com\/wp-content\/uploads\/2026\/02\/Diseno-sin-titulo-1-150x150.jpg",150,150,true],"medium":["https:\/\/vivirlasalud.com\/wp-content\/uploads\/2026\/02\/Diseno-sin-titulo-1-240x300.jpg",240,300,true],"medium_large":["https:\/\/vivirlasalud.com\/wp-content\/uploads\/2026\/02\/Diseno-sin-titulo-1-768x960.jpg",768,960,true],"large":["https:\/\/vivirlasalud.com\/wp-content\/uploads\/2026\/02\/Diseno-sin-titulo-1-819x1024.jpg",819,1024,true],"1536x1536":["https:\/\/vivirlasalud.com\/wp-content\/uploads\/2026\/02\/Diseno-sin-titulo-1.jpg",1080,1350,false],"2048x2048":["https:\/\/vivirlasalud.com\/wp-content\/uploads\/2026\/02\/Diseno-sin-titulo-1.jpg",1080,1350,false],"trp-custom-language-flag":["https:\/\/vivirlasalud.com\/wp-content\/uploads\/2026\/02\/Diseno-sin-titulo-1-10x12.jpg",10,12,true],"woocommerce_thumbnail":["https:\/\/vivirlasalud.com\/wp-content\/uploads\/2026\/02\/Diseno-sin-titulo-1-300x300.jpg",300,300,true],"woocommerce_single":["https:\/\/vivirlasalud.com\/wp-content\/uploads\/2026\/02\/Diseno-sin-titulo-1-600x750.jpg",600,750,true],"woocommerce_gallery_thumbnail":["https:\/\/vivirlasalud.com\/wp-content\/uploads\/2026\/02\/Diseno-sin-titulo-1-100x100.jpg",100,100,true]},"uagb_author_info":{"display_name":"Otto Vargas","author_link":"https:\/\/vivirlasalud.com\/en\/author\/"},"uagb_comment_info":0,"uagb_excerpt":"Oxygen C\u00e1psula ayuda a la vitalidad celular y regula az\u00facar. Sentir\u00e1s m\u00e1s energ\u00eda y equilibrio usando gotas a diario. \u00a1Pru\u00e9balo!","_links":{"self":[{"href":"https:\/\/vivirlasalud.com\/en\/wp-json\/wp\/v2\/product\/3551","targetHints":{"allow":["GET"]}}],"collection":[{"href":"https:\/\/vivirlasalud.com\/en\/wp-json\/wp\/v2\/product"}],"about":[{"href":"https:\/\/vivirlasalud.com\/en\/wp-json\/wp\/v2\/types\/product"}],"replies":[{"embeddable":true,"href":"https:\/\/vivirlasalud.com\/en\/wp-json\/wp\/v2\/comments?post=3551"}],"wp:featuredmedia":[{"embeddable":true,"href":"https:\/\/vivirlasalud.com\/en\/wp-json\/wp\/v2\/media\/3555"}],"wp:attachment":[{"href":"https:\/\/vivirlasalud.com\/en\/wp-json\/wp\/v2\/media?parent=3551"}],"wp:term":[{"taxonomy":"product_brand","embeddable":true,"href":"https:\/\/vivirlasalud.com\/en\/wp-json\/wp\/v2\/product_brand?post=3551"},{"taxonomy":"product_cat","embeddable":true,"href":"https:\/\/vivirlasalud.com\/en\/wp-json\/wp\/v2\/product_cat?post=3551"},{"taxonomy":"product_tag","embeddable":true,"href":"https:\/\/vivirlasalud.com\/en\/wp-json\/wp\/v2\/product_tag?post=3551"}],"curies":[{"name":"wp","href":"https:\/\/api.w.org\/{rel}","templated":true}]}}