{"id":3775,"date":"2026-03-25T16:55:04","date_gmt":"2026-03-25T16:55:04","guid":{"rendered":"https:\/\/vivirlasalud.com\/?post_type=product&#038;p=3775"},"modified":"2026-03-25T17:57:23","modified_gmt":"2026-03-25T17:57:23","slug":"suplemento-natural-para-articulaciones-doloridas-como-aliviar-el-dolor-y-la-rigidez-articular-capsulas-con-glucosamina-y-curcuma-para-articulaciones-fortalecer-cartilago-y-tejido-articular-naturalment","status":"publish","type":"product","link":"https:\/\/vivirlasalud.com\/en\/product\/suplemento-natural-para-articulaciones-doloridas-como-aliviar-el-dolor-y-la-rigidez-articular-capsulas-con-glucosamina-y-curcuma-para-articulaciones-fortalecer-cartilago-y-tejido-articular-naturalment\/","title":{"rendered":"Premiun bee:  C\u00e1psulas para articulaciones"},"content":{"rendered":"<p><strong>Premium Bee<\/strong> es un suplemento natural en c\u00e1psulas dise\u00f1ado para mejorar la salud de tus articulaciones. Formulado con glucosamina y c\u00farcuma, ayuda a aliviar el dolor y la rigidez, fortaleciendo el cart\u00edlago y el tejido articular. Gracias a su extracto de veneno de abeja, este producto ofrece un enfoque natural y efectivo para mantener tus articulaciones saludables, flexibles y fuertes, favoreciendo tu bienestar diario.<\/p>\n<p class=\"my-0 py-2 [&amp;_strong:has(+br)]:inline-block [&amp;_strong:has(+br)]:pb-2\">La administraci\u00f3n es sencilla: se recomienda tomar 1 c\u00e1psula, dos veces al d\u00eda, debajo de la lengua. El frasco de 60 c\u00e1psulas ofrece aproximadamente 30 porciones para un uso prolongado.<\/p>\n<p>&nbsp;<\/p>\n<p class=\"my-0 py-2 [&amp;_strong:has(+br)]:inline-block [&amp;_strong:has(+br)]:pb-2\"><strong>How to Use:<\/strong><br \/>\n1 c\u00e1psula , dos veces al d\u00eda.<\/p>\n<p class=\"my-0 py-2 [&amp;_strong:has(+br)]:inline-block [&amp;_strong:has(+br)]:pb-2\"><strong>Dosage:<\/strong><br \/>\n1 c\u00e1psula, dos veces al d\u00eda.<\/p>\n<p class=\"my-0 py-2 [&amp;_strong:has(+br)]:inline-block [&amp;_strong:has(+br)]:pb-2\"><strong>Servings:<\/strong><br \/>\nFrasco de 60 c\u00e1psulas (aprox. 30 porciones).<\/p>\n<p>&nbsp;<\/p>\n<p class=\"my-0 py-2 [&amp;_strong:has(+br)]:inline-block [&amp;_strong:has(+br)]:pb-2\"><strong>Key Benefits:<\/strong><\/p>\n<ul>\n<li class=\"my-0 py-2 [&amp;_strong:has(+br)]:inline-block [&amp;_strong:has(+br)]:pb-2\">Mejora la salud articular.<\/li>\n<li class=\"my-0 py-2 [&amp;_strong:has(+br)]:inline-block [&amp;_strong:has(+br)]:pb-2\">Alivia el dolor y la rigidez.<\/li>\n<li class=\"my-0 py-2 [&amp;_strong:has(+br)]:inline-block [&amp;_strong:has(+br)]:pb-2\">Fortalece el cart\u00edlago y tejido.<\/li>\n<\/ul>\n<p>&nbsp;<\/p>\n<p class=\"my-0 py-2 [&amp;_strong:has(+br)]:inline-block [&amp;_strong:has(+br)]:pb-2\"><strong>Ingredients:<\/strong><br \/>\n<strong>Premium Bee<\/strong> estabilizado con minerales traza (cloruro, sodio, yodo, cromo, calcio, hierro, magnesio, zinc y m\u00e1s).<\/p>\n<p class=\"my-0 py-2 [&amp;_strong:has(+br)]:inline-block [&amp;_strong:has(+br)]:pb-2\"><strong>Supplement Facts (60 c\u00e1psulas):<\/strong><\/p>\n<div class=\"group relative\">\n<div class=\"w-full overflow-x-auto md:max-w-[90vw] border-borderMain\/50 ring-borderMain\/50 divide-borderMain\/50 dark:divide-borderMainDark\/50 dark:ring-borderMainDark\/50 dark:border-borderMainDark\/50 bg-transparent\">\n<table class=\"border-borderMain my-[1em] w-full table-auto border\">\n<thead class=\"bg-offset\">\n<tr>\n<th class=\"border-borderMain px-sm py-sm dark:border-borderMainDark break-normal border text-left align-top\">Ingredient<\/th>\n<th class=\"border-borderMain px-sm py-sm dark:border-borderMainDark break-normal border text-left align-top\">Amount per dose (8 drops)<\/th>\n<th class=\"border-borderMain px-sm py-sm dark:border-borderMainDark break-normal border text-left align-top\">% Daily Value*<\/th>\n<\/tr>\n<\/thead>\n<tbody>\n<tr>\n<td class=\"border-borderMain px-sm dark:border-borderMainDark min-w-[48px] break-normal border\">Chloride<\/td>\n<td class=\"border-borderMain px-sm dark:border-borderMainDark min-w-[48px] break-normal border\">54.50 mg<\/td>\n<td class=\"border-borderMain px-sm dark:border-borderMainDark min-w-[48px] break-normal border\">1.75%<\/td>\n<\/tr>\n<tr>\n<td class=\"border-borderMain px-sm dark:border-borderMainDark min-w-[48px] break-normal border\">Sodium<\/td>\n<td class=\"border-borderMain px-sm dark:border-borderMainDark min-w-[48px] break-normal border\">3.90 mg<\/td>\n<td class=\"border-borderMain px-sm dark:border-borderMainDark min-w-[48px] break-normal border\">0.43%<\/td>\n<\/tr>\n<tr>\n<td class=\"border-borderMain px-sm dark:border-borderMainDark min-w-[48px] break-normal border\">Iodine<\/td>\n<td class=\"border-borderMain px-sm dark:border-borderMainDark min-w-[48px] break-normal border\">0.07 mcg<\/td>\n<td class=\"border-borderMain px-sm dark:border-borderMainDark min-w-[48px] break-normal border\">0.04%<\/td>\n<\/tr>\n<tr>\n<td class=\"border-borderMain px-sm dark:border-borderMainDark min-w-[48px] break-normal border\">Chrome<\/td>\n<td class=\"border-borderMain px-sm dark:border-borderMainDark min-w-[48px] break-normal border\">0.07 mcg<\/td>\n<td class=\"border-borderMain px-sm dark:border-borderMainDark min-w-[48px] break-normal border\">0.04%<\/td>\n<\/tr>\n<\/tbody>\n<\/table>\n<p class=\"my-0 py-2 [&amp;_strong:has(+br)]:inline-block [&amp;_strong:has(+br)]:pb-2\">*Daily Value not established for some minerals.<\/p>\n<p>&nbsp;<\/p>\n<\/div>\n<\/div>\n<p><strong>Recommendation:<\/strong><br \/>\nUso como suplemento dietario. Tomar 1 c\u00e1psula en agua o jugo no \u00e1cido dos veces al d\u00eda o seg\u00fan indicaci\u00f3n profesional.<\/p>\n<p>&nbsp;<\/p>\n<p class=\"my-0 py-2 [&amp;_strong:has(+br)]:inline-block [&amp;_strong:has(+br)]:pb-2\"><strong>Suggested Links:<\/strong><\/p>\n<ul>\n<li style=\"list-style-type: none;\">\n<ul>\n<li class=\"my-0 py-2 [&amp;_strong:has(+br)]:inline-block [&amp;_strong:has(+br)]:pb-2\">Combines with\u00a0<a class=\"break-word hover:text-super hover:decoration-super underline decoration-from-font underline-offset-1 transition-all duration-300\" href=\"https:\/\/vivirlasalud.com\/product\/dia-b-t-control-natural-de-glucosa-y-pancreas\/\" target=\"_blank\" rel=\"nofollow noopener\">Dia-B-T for pancreas support and natural sugar control<\/a><\/li>\n<\/ul>\n<\/li>\n<\/ul>\n<p>&nbsp;<\/p>","protected":false},"excerpt":{"rendered":"<p>Premium Bee mejora la salud articular, alivia el dolor y la rigidez, y fortalece cart\u00edlagos y tejidos de manera natural con glucosamina, c\u00farcuma y extracto de veneno de abeja.<\/p>","protected":false},"featured_media":3784,"comment_status":"open","ping_status":"closed","template":"","meta":{"_uag_custom_page_level_css":"","site-sidebar-layout":"default","site-content-layout":"","ast-site-content-layout":"default","site-content-style":"default","site-sidebar-style":"default","ast-global-header-display":"","ast-banner-title-visibility":"","ast-main-header-display":"","ast-hfb-above-header-display":"","ast-hfb-below-header-display":"","ast-hfb-mobile-header-display":"","site-post-title":"","ast-breadcrumbs-content":"","ast-featured-img":"","footer-sml-layout":"","theme-transparent-header-meta":"default","adv-header-id-meta":"","stick-header-meta":"","header-above-stick-meta":"","header-main-stick-meta":"","header-below-stick-meta":"","astra-migrate-meta-layouts":"set","ast-page-background-enabled":"default","ast-page-background-meta":{"desktop":{"background-color":"var(--ast-global-color-4)","background-image":"","background-repeat":"repeat","background-position":"center center","background-size":"auto","background-attachment":"scroll","background-type":"","background-media":"","overlay-type":"","overlay-color":"","overlay-opacity":"","overlay-gradient":""},"tablet":{"background-color":"","background-image":"","background-repeat":"repeat","background-position":"center center","background-size":"auto","background-attachment":"scroll","background-type":"","background-media":"","overlay-type":"","overlay-color":"","overlay-opacity":"","overlay-gradient":""},"mobile":{"background-color":"","background-image":"","background-repeat":"repeat","background-position":"center center","background-size":"auto","background-attachment":"scroll","background-type":"","background-media":"","overlay-type":"","overlay-color":"","overlay-opacity":"","overlay-gradient":""}},"ast-content-background-meta":{"desktop":{"background-color":"var(--ast-global-color-5)","background-image":"","background-repeat":"repeat","background-position":"center center","background-size":"auto","background-attachment":"scroll","background-type":"","background-media":"","overlay-type":"","overlay-color":"","overlay-opacity":"","overlay-gradient":""},"tablet":{"background-color":"var(--ast-global-color-5)","background-image":"","background-repeat":"repeat","background-position":"center center","background-size":"auto","background-attachment":"scroll","background-type":"","background-media":"","overlay-type":"","overlay-color":"","overlay-opacity":"","overlay-gradient":""},"mobile":{"background-color":"var(--ast-global-color-5)","background-image":"","background-repeat":"repeat","background-position":"center center","background-size":"auto","background-attachment":"scroll","background-type":"","background-media":"","overlay-type":"","overlay-color":"","overlay-opacity":"","overlay-gradient":""}}},"product_brand":[41],"product_cat":[29],"product_tag":[55,62,63,47,37,61,56],"class_list":{"0":"post-3775","1":"product","2":"type-product","3":"status-publish","4":"has-post-thumbnail","6":"product_brand-allnue-natural-inc","7":"product_cat-medicina-natural","8":"product_tag-energia","9":"product_tag-glucosa","10":"product_tag-gotas","11":"product_tag-metabolismo","12":"product_tag-natural","13":"product_tag-oxigeno","14":"product_tag-vitalidad","15":"desktop-align-left","16":"tablet-align-left","17":"mobile-align-left","19":"first","20":"instock","21":"shipping-taxable","22":"purchasable","23":"product-type-simple"},"yoast_head":"<!-- This site is optimized with the Yoast SEO plugin v27.3 - https:\/\/yoast.com\/product\/yoast-seo-wordpress\/ -->\n<title>Premiun bee: C\u00e1psulas para articulaciones - Vivir La Salud<\/title>\n<meta name=\"description\" content=\"Descubre nuestros productos naturales \ud83c\udf3f para mejorar tu salud y bienestar. Suplementos de alta calidad, seguros y efectivos para tu vida diaria.\" \/>\n<meta name=\"robots\" content=\"index, follow, max-snippet:-1, max-image-preview:large, max-video-preview:-1\" \/>\n<link rel=\"canonical\" href=\"https:\/\/vivirlasalud.com\/en\/product\/suplemento-natural-para-articulaciones-doloridas-como-aliviar-el-dolor-y-la-rigidez-articular-capsulas-con-glucosamina-y-curcuma-para-articulaciones-fortalecer-cartilago-y-tejido-articular-naturalment\/\" \/>\n<meta property=\"og:locale\" content=\"en_US\" \/>\n<meta property=\"og:type\" content=\"article\" \/>\n<meta property=\"og:title\" content=\"Premiun bee: C\u00e1psulas para articulaciones - Vivir La Salud\" \/>\n<meta property=\"og:description\" content=\"Descubre nuestros productos naturales \ud83c\udf3f para mejorar tu salud y bienestar. Suplementos de alta calidad, seguros y efectivos para tu vida diaria.\" \/>\n<meta property=\"og:url\" content=\"https:\/\/vivirlasalud.com\/en\/product\/suplemento-natural-para-articulaciones-doloridas-como-aliviar-el-dolor-y-la-rigidez-articular-capsulas-con-glucosamina-y-curcuma-para-articulaciones-fortalecer-cartilago-y-tejido-articular-naturalment\/\" \/>\n<meta property=\"og:site_name\" content=\"Vivir La Salud\" \/>\n<meta property=\"article:publisher\" content=\"https:\/\/www.facebook.com\/vivirlasalud.paginaoficial\" \/>\n<meta property=\"article:modified_time\" content=\"2026-03-25T17:57:23+00:00\" \/>\n<meta property=\"og:image\" content=\"https:\/\/vivirlasalud.com\/wp-content\/uploads\/2026\/03\/Diseno-sin-titulo-1.png\" \/>\n\t<meta property=\"og:image:width\" content=\"1080\" \/>\n\t<meta property=\"og:image:height\" content=\"1920\" \/>\n\t<meta property=\"og:image:type\" content=\"image\/png\" \/>\n<meta name=\"twitter:card\" content=\"summary_large_image\" \/>\n<meta name=\"twitter:label1\" content=\"Est. reading time\" \/>\n\t<meta name=\"twitter:data1\" content=\"2 minutes\" \/>\n<script type=\"application\/ld+json\" class=\"yoast-schema-graph\">{\"@context\":\"https:\\\/\\\/schema.org\",\"@graph\":[{\"@type\":\"WebPage\",\"@id\":\"https:\\\/\\\/vivirlasalud.com\\\/product\\\/suplemento-natural-para-articulaciones-doloridas-como-aliviar-el-dolor-y-la-rigidez-articular-capsulas-con-glucosamina-y-curcuma-para-articulaciones-fortalecer-cartilago-y-tejido-articular-naturalment\\\/\",\"url\":\"https:\\\/\\\/vivirlasalud.com\\\/product\\\/suplemento-natural-para-articulaciones-doloridas-como-aliviar-el-dolor-y-la-rigidez-articular-capsulas-con-glucosamina-y-curcuma-para-articulaciones-fortalecer-cartilago-y-tejido-articular-naturalment\\\/\",\"name\":\"Premiun bee: C\u00e1psulas para articulaciones - Vivir La Salud\",\"isPartOf\":{\"@id\":\"https:\\\/\\\/vivirlasalud.com\\\/#website\"},\"primaryImageOfPage\":{\"@id\":\"https:\\\/\\\/vivirlasalud.com\\\/product\\\/suplemento-natural-para-articulaciones-doloridas-como-aliviar-el-dolor-y-la-rigidez-articular-capsulas-con-glucosamina-y-curcuma-para-articulaciones-fortalecer-cartilago-y-tejido-articular-naturalment\\\/#primaryimage\"},\"image\":{\"@id\":\"https:\\\/\\\/vivirlasalud.com\\\/product\\\/suplemento-natural-para-articulaciones-doloridas-como-aliviar-el-dolor-y-la-rigidez-articular-capsulas-con-glucosamina-y-curcuma-para-articulaciones-fortalecer-cartilago-y-tejido-articular-naturalment\\\/#primaryimage\"},\"thumbnailUrl\":\"https:\\\/\\\/vivirlasalud.com\\\/wp-content\\\/uploads\\\/2026\\\/03\\\/Diseno-sin-titulo-1.png\",\"datePublished\":\"2026-03-25T16:55:04+00:00\",\"dateModified\":\"2026-03-25T17:57:23+00:00\",\"description\":\"Descubre nuestros productos naturales \ud83c\udf3f para mejorar tu salud y bienestar. Suplementos de alta calidad, seguros y efectivos para tu vida diaria.\",\"breadcrumb\":{\"@id\":\"https:\\\/\\\/vivirlasalud.com\\\/product\\\/suplemento-natural-para-articulaciones-doloridas-como-aliviar-el-dolor-y-la-rigidez-articular-capsulas-con-glucosamina-y-curcuma-para-articulaciones-fortalecer-cartilago-y-tejido-articular-naturalment\\\/#breadcrumb\"},\"inLanguage\":\"en-US\",\"potentialAction\":[{\"@type\":\"ReadAction\",\"target\":[\"https:\\\/\\\/vivirlasalud.com\\\/product\\\/suplemento-natural-para-articulaciones-doloridas-como-aliviar-el-dolor-y-la-rigidez-articular-capsulas-con-glucosamina-y-curcuma-para-articulaciones-fortalecer-cartilago-y-tejido-articular-naturalment\\\/\"]}]},{\"@type\":\"ImageObject\",\"inLanguage\":\"en-US\",\"@id\":\"https:\\\/\\\/vivirlasalud.com\\\/product\\\/suplemento-natural-para-articulaciones-doloridas-como-aliviar-el-dolor-y-la-rigidez-articular-capsulas-con-glucosamina-y-curcuma-para-articulaciones-fortalecer-cartilago-y-tejido-articular-naturalment\\\/#primaryimage\",\"url\":\"https:\\\/\\\/vivirlasalud.com\\\/wp-content\\\/uploads\\\/2026\\\/03\\\/Diseno-sin-titulo-1.png\",\"contentUrl\":\"https:\\\/\\\/vivirlasalud.com\\\/wp-content\\\/uploads\\\/2026\\\/03\\\/Diseno-sin-titulo-1.png\",\"width\":1080,\"height\":1920},{\"@type\":\"BreadcrumbList\",\"@id\":\"https:\\\/\\\/vivirlasalud.com\\\/product\\\/suplemento-natural-para-articulaciones-doloridas-como-aliviar-el-dolor-y-la-rigidez-articular-capsulas-con-glucosamina-y-curcuma-para-articulaciones-fortalecer-cartilago-y-tejido-articular-naturalment\\\/#breadcrumb\",\"itemListElement\":[{\"@type\":\"ListItem\",\"position\":1,\"name\":\"Home\",\"item\":\"https:\\\/\\\/vivirlasalud.com\\\/\"},{\"@type\":\"ListItem\",\"position\":2,\"name\":\"Cat\u00e1logo de Productos\",\"item\":\"https:\\\/\\\/vivirlasalud.com\\\/catalogo\\\/\"},{\"@type\":\"ListItem\",\"position\":3,\"name\":\"Premiun bee: C\u00e1psulas para articulaciones\"}]},{\"@type\":\"WebSite\",\"@id\":\"https:\\\/\\\/vivirlasalud.com\\\/#website\",\"url\":\"https:\\\/\\\/vivirlasalud.com\\\/\",\"name\":\"Vivir La Salud\",\"description\":\"Productos naturales para la salud y el bienestar. Tratamientos efectivos para apoyar tu energ\u00eda, vitalidad y calidad de vida.\",\"publisher\":{\"@id\":\"https:\\\/\\\/vivirlasalud.com\\\/#organization\"},\"potentialAction\":[{\"@type\":\"SearchAction\",\"target\":{\"@type\":\"EntryPoint\",\"urlTemplate\":\"https:\\\/\\\/vivirlasalud.com\\\/?s={search_term_string}\"},\"query-input\":{\"@type\":\"PropertyValueSpecification\",\"valueRequired\":true,\"valueName\":\"search_term_string\"}}],\"inLanguage\":\"en-US\"},{\"@type\":\"Organization\",\"@id\":\"https:\\\/\\\/vivirlasalud.com\\\/#organization\",\"name\":\"Vivir La Salud\",\"url\":\"https:\\\/\\\/vivirlasalud.com\\\/\",\"logo\":{\"@type\":\"ImageObject\",\"inLanguage\":\"en-US\",\"@id\":\"https:\\\/\\\/vivirlasalud.com\\\/#\\\/schema\\\/logo\\\/image\\\/\",\"url\":\"https:\\\/\\\/vivirlasalud.com\\\/wp-content\\\/uploads\\\/2025\\\/08\\\/cropped-VivirLaSalud_Logo_360x120.png\",\"contentUrl\":\"https:\\\/\\\/vivirlasalud.com\\\/wp-content\\\/uploads\\\/2025\\\/08\\\/cropped-VivirLaSalud_Logo_360x120.png\",\"width\":360,\"height\":120,\"caption\":\"Vivir La Salud\"},\"image\":{\"@id\":\"https:\\\/\\\/vivirlasalud.com\\\/#\\\/schema\\\/logo\\\/image\\\/\"},\"sameAs\":[\"https:\\\/\\\/www.facebook.com\\\/vivirlasalud.paginaoficial\",\"https:\\\/\\\/instagram.com\\\/vivirlasalud.oficial\",\"https:\\\/\\\/www.youtube.com\\\/@Vivir-LaSalud\"]}]}<\/script>\n<!-- \/ Yoast SEO plugin. -->","yoast_head_json":{"title":"Premiun bee: C\u00e1psulas para articulaciones - Vivir La Salud","description":"Descubre nuestros productos naturales \ud83c\udf3f para mejorar tu salud y bienestar. Suplementos de alta calidad, seguros y efectivos para tu vida diaria.","robots":{"index":"index","follow":"follow","max-snippet":"max-snippet:-1","max-image-preview":"max-image-preview:large","max-video-preview":"max-video-preview:-1"},"canonical":"https:\/\/vivirlasalud.com\/en\/product\/suplemento-natural-para-articulaciones-doloridas-como-aliviar-el-dolor-y-la-rigidez-articular-capsulas-con-glucosamina-y-curcuma-para-articulaciones-fortalecer-cartilago-y-tejido-articular-naturalment\/","og_locale":"en_US","og_type":"article","og_title":"Premiun bee: C\u00e1psulas para articulaciones - Vivir La Salud","og_description":"Descubre nuestros productos naturales \ud83c\udf3f para mejorar tu salud y bienestar. Suplementos de alta calidad, seguros y efectivos para tu vida diaria.","og_url":"https:\/\/vivirlasalud.com\/en\/product\/suplemento-natural-para-articulaciones-doloridas-como-aliviar-el-dolor-y-la-rigidez-articular-capsulas-con-glucosamina-y-curcuma-para-articulaciones-fortalecer-cartilago-y-tejido-articular-naturalment\/","og_site_name":"Vivir La Salud","article_publisher":"https:\/\/www.facebook.com\/vivirlasalud.paginaoficial","article_modified_time":"2026-03-25T17:57:23+00:00","og_image":[{"width":1080,"height":1920,"url":"https:\/\/vivirlasalud.com\/wp-content\/uploads\/2026\/03\/Diseno-sin-titulo-1.png","type":"image\/png"}],"twitter_card":"summary_large_image","twitter_misc":{"Est. reading time":"2 minutes"},"schema":{"@context":"https:\/\/schema.org","@graph":[{"@type":"WebPage","@id":"https:\/\/vivirlasalud.com\/product\/suplemento-natural-para-articulaciones-doloridas-como-aliviar-el-dolor-y-la-rigidez-articular-capsulas-con-glucosamina-y-curcuma-para-articulaciones-fortalecer-cartilago-y-tejido-articular-naturalment\/","url":"https:\/\/vivirlasalud.com\/product\/suplemento-natural-para-articulaciones-doloridas-como-aliviar-el-dolor-y-la-rigidez-articular-capsulas-con-glucosamina-y-curcuma-para-articulaciones-fortalecer-cartilago-y-tejido-articular-naturalment\/","name":"Premiun bee: C\u00e1psulas para articulaciones - Vivir La Salud","isPartOf":{"@id":"https:\/\/vivirlasalud.com\/#website"},"primaryImageOfPage":{"@id":"https:\/\/vivirlasalud.com\/product\/suplemento-natural-para-articulaciones-doloridas-como-aliviar-el-dolor-y-la-rigidez-articular-capsulas-con-glucosamina-y-curcuma-para-articulaciones-fortalecer-cartilago-y-tejido-articular-naturalment\/#primaryimage"},"image":{"@id":"https:\/\/vivirlasalud.com\/product\/suplemento-natural-para-articulaciones-doloridas-como-aliviar-el-dolor-y-la-rigidez-articular-capsulas-con-glucosamina-y-curcuma-para-articulaciones-fortalecer-cartilago-y-tejido-articular-naturalment\/#primaryimage"},"thumbnailUrl":"https:\/\/vivirlasalud.com\/wp-content\/uploads\/2026\/03\/Diseno-sin-titulo-1.png","datePublished":"2026-03-25T16:55:04+00:00","dateModified":"2026-03-25T17:57:23+00:00","description":"Descubre nuestros productos naturales \ud83c\udf3f para mejorar tu salud y bienestar. Suplementos de alta calidad, seguros y efectivos para tu vida diaria.","breadcrumb":{"@id":"https:\/\/vivirlasalud.com\/product\/suplemento-natural-para-articulaciones-doloridas-como-aliviar-el-dolor-y-la-rigidez-articular-capsulas-con-glucosamina-y-curcuma-para-articulaciones-fortalecer-cartilago-y-tejido-articular-naturalment\/#breadcrumb"},"inLanguage":"en-US","potentialAction":[{"@type":"ReadAction","target":["https:\/\/vivirlasalud.com\/product\/suplemento-natural-para-articulaciones-doloridas-como-aliviar-el-dolor-y-la-rigidez-articular-capsulas-con-glucosamina-y-curcuma-para-articulaciones-fortalecer-cartilago-y-tejido-articular-naturalment\/"]}]},{"@type":"ImageObject","inLanguage":"en-US","@id":"https:\/\/vivirlasalud.com\/product\/suplemento-natural-para-articulaciones-doloridas-como-aliviar-el-dolor-y-la-rigidez-articular-capsulas-con-glucosamina-y-curcuma-para-articulaciones-fortalecer-cartilago-y-tejido-articular-naturalment\/#primaryimage","url":"https:\/\/vivirlasalud.com\/wp-content\/uploads\/2026\/03\/Diseno-sin-titulo-1.png","contentUrl":"https:\/\/vivirlasalud.com\/wp-content\/uploads\/2026\/03\/Diseno-sin-titulo-1.png","width":1080,"height":1920},{"@type":"BreadcrumbList","@id":"https:\/\/vivirlasalud.com\/product\/suplemento-natural-para-articulaciones-doloridas-como-aliviar-el-dolor-y-la-rigidez-articular-capsulas-con-glucosamina-y-curcuma-para-articulaciones-fortalecer-cartilago-y-tejido-articular-naturalment\/#breadcrumb","itemListElement":[{"@type":"ListItem","position":1,"name":"Home","item":"https:\/\/vivirlasalud.com\/"},{"@type":"ListItem","position":2,"name":"Cat\u00e1logo de Productos","item":"https:\/\/vivirlasalud.com\/catalogo\/"},{"@type":"ListItem","position":3,"name":"Premiun bee: C\u00e1psulas para articulaciones"}]},{"@type":"WebSite","@id":"https:\/\/vivirlasalud.com\/#website","url":"https:\/\/vivirlasalud.com\/","name":"Vivir La Salud","description":"Productos naturales para la salud y el bienestar. Tratamientos efectivos para apoyar tu energ\u00eda, vitalidad y calidad de vida.","publisher":{"@id":"https:\/\/vivirlasalud.com\/#organization"},"potentialAction":[{"@type":"SearchAction","target":{"@type":"EntryPoint","urlTemplate":"https:\/\/vivirlasalud.com\/?s={search_term_string}"},"query-input":{"@type":"PropertyValueSpecification","valueRequired":true,"valueName":"search_term_string"}}],"inLanguage":"en-US"},{"@type":"Organization","@id":"https:\/\/vivirlasalud.com\/#organization","name":"Vivir La Salud","url":"https:\/\/vivirlasalud.com\/","logo":{"@type":"ImageObject","inLanguage":"en-US","@id":"https:\/\/vivirlasalud.com\/#\/schema\/logo\/image\/","url":"https:\/\/vivirlasalud.com\/wp-content\/uploads\/2025\/08\/cropped-VivirLaSalud_Logo_360x120.png","contentUrl":"https:\/\/vivirlasalud.com\/wp-content\/uploads\/2025\/08\/cropped-VivirLaSalud_Logo_360x120.png","width":360,"height":120,"caption":"Vivir La Salud"},"image":{"@id":"https:\/\/vivirlasalud.com\/#\/schema\/logo\/image\/"},"sameAs":["https:\/\/www.facebook.com\/vivirlasalud.paginaoficial","https:\/\/instagram.com\/vivirlasalud.oficial","https:\/\/www.youtube.com\/@Vivir-LaSalud"]}]}},"uagb_featured_image_src":{"full":["https:\/\/vivirlasalud.com\/wp-content\/uploads\/2026\/03\/Diseno-sin-titulo-1.png",1080,1920,false],"thumbnail":["https:\/\/vivirlasalud.com\/wp-content\/uploads\/2026\/03\/Diseno-sin-titulo-1-150x150.png",150,150,true],"medium":["https:\/\/vivirlasalud.com\/wp-content\/uploads\/2026\/03\/Diseno-sin-titulo-1-169x300.png",169,300,true],"medium_large":["https:\/\/vivirlasalud.com\/wp-content\/uploads\/2026\/03\/Diseno-sin-titulo-1-768x1365.png",768,1365,true],"large":["https:\/\/vivirlasalud.com\/wp-content\/uploads\/2026\/03\/Diseno-sin-titulo-1-576x1024.png",576,1024,true],"1536x1536":["https:\/\/vivirlasalud.com\/wp-content\/uploads\/2026\/03\/Diseno-sin-titulo-1.png",864,1536,false],"2048x2048":["https:\/\/vivirlasalud.com\/wp-content\/uploads\/2026\/03\/Diseno-sin-titulo-1.png",1080,1920,false],"trp-custom-language-flag":["https:\/\/vivirlasalud.com\/wp-content\/uploads\/2026\/03\/Diseno-sin-titulo-1.png",7,12,false],"woocommerce_thumbnail":["https:\/\/vivirlasalud.com\/wp-content\/uploads\/2026\/03\/Diseno-sin-titulo-1-300x300.png",300,300,true],"woocommerce_single":["https:\/\/vivirlasalud.com\/wp-content\/uploads\/2026\/03\/Diseno-sin-titulo-1.png",600,1067,false],"woocommerce_gallery_thumbnail":["https:\/\/vivirlasalud.com\/wp-content\/uploads\/2026\/03\/Diseno-sin-titulo-1-100x100.png",100,100,true]},"uagb_author_info":{"display_name":"Otto Vargas","author_link":"https:\/\/vivirlasalud.com\/en\/author\/"},"uagb_comment_info":0,"uagb_excerpt":"Premium Bee mejora la salud articular, alivia el dolor y la rigidez, y fortalece cart\u00edlagos y tejidos de manera natural con glucosamina, c\u00farcuma y extracto de veneno de abeja.","_links":{"self":[{"href":"https:\/\/vivirlasalud.com\/en\/wp-json\/wp\/v2\/product\/3775","targetHints":{"allow":["GET"]}}],"collection":[{"href":"https:\/\/vivirlasalud.com\/en\/wp-json\/wp\/v2\/product"}],"about":[{"href":"https:\/\/vivirlasalud.com\/en\/wp-json\/wp\/v2\/types\/product"}],"replies":[{"embeddable":true,"href":"https:\/\/vivirlasalud.com\/en\/wp-json\/wp\/v2\/comments?post=3775"}],"wp:featuredmedia":[{"embeddable":true,"href":"https:\/\/vivirlasalud.com\/en\/wp-json\/wp\/v2\/media\/3784"}],"wp:attachment":[{"href":"https:\/\/vivirlasalud.com\/en\/wp-json\/wp\/v2\/media?parent=3775"}],"wp:term":[{"taxonomy":"product_brand","embeddable":true,"href":"https:\/\/vivirlasalud.com\/en\/wp-json\/wp\/v2\/product_brand?post=3775"},{"taxonomy":"product_cat","embeddable":true,"href":"https:\/\/vivirlasalud.com\/en\/wp-json\/wp\/v2\/product_cat?post=3775"},{"taxonomy":"product_tag","embeddable":true,"href":"https:\/\/vivirlasalud.com\/en\/wp-json\/wp\/v2\/product_tag?post=3775"}],"curies":[{"name":"wp","href":"https:\/\/api.w.org\/{rel}","templated":true}]}}